{"id":1292,"date":"2021-05-05T20:19:32","date_gmt":"2021-05-05T23:19:32","guid":{"rendered":"http:\/\/moveisstoffel.com.br\/?page_id=1292"},"modified":"2021-05-19T16:31:35","modified_gmt":"2021-05-19T19:31:35","slug":"gesso-acartonado","status":"publish","type":"page","link":"https:\/\/stoffeldivisorias.com.br\/index.php\/gesso-acartonado\/","title":{"rendered":"Gesso Acartonado"},"content":{"rendered":"\t\t<div data-elementor-type=\"wp-page\" data-elementor-id=\"1292\" class=\"elementor elementor-1292\" data-elementor-post-type=\"page\">\n\t\t\t\t\t\t<section class=\"elementor-section elementor-top-section elementor-element elementor-element-85037ad elementor-section-height-min-height elementor-section-boxed elementor-section-height-default elementor-section-items-middle\" data-id=\"85037ad\" data-element_type=\"section\" data-settings=\"{&quot;background_background&quot;:&quot;gradient&quot;}\">\n\t\t\t\t\t\t<div class=\"elementor-container elementor-column-gap-default\">\n\t\t\t\t\t<div class=\"elementor-column elementor-col-100 elementor-top-column elementor-element elementor-element-c3b458d\" data-id=\"c3b458d\" data-element_type=\"column\">\n\t\t\t<div class=\"elementor-widget-wrap elementor-element-populated\">\n\t\t\t\t\t\t<div class=\"elementor-element elementor-element-a18951c elementor-widget elementor-widget-spacer\" data-id=\"a18951c\" data-element_type=\"widget\" data-widget_type=\"spacer.default\">\n\t\t\t\t<div class=\"elementor-widget-container\">\n\t\t\t\t\t\t\t<div class=\"elementor-spacer\">\n\t\t\t<div class=\"elementor-spacer-inner\"><\/div>\n\t\t<\/div>\n\t\t\t\t\t\t<\/div>\n\t\t\t\t<\/div>\n\t\t\t\t<section class=\"elementor-section elementor-inner-section elementor-element elementor-element-25c8308 elementor-section-boxed elementor-section-height-default elementor-section-height-default\" data-id=\"25c8308\" data-element_type=\"section\">\n\t\t\t\t\t\t<div class=\"elementor-container elementor-column-gap-default\">\n\t\t\t\t\t<div class=\"elementor-column elementor-col-100 elementor-inner-column elementor-element elementor-element-35fde76\" data-id=\"35fde76\" data-element_type=\"column\" data-settings=\"{&quot;background_background&quot;:&quot;gradient&quot;}\">\n\t\t\t<div class=\"elementor-widget-wrap elementor-element-populated\">\n\t\t\t\t\t\t<div class=\"elementor-element elementor-element-acf5917 elementor-widget elementor-widget-heading\" data-id=\"acf5917\" data-element_type=\"widget\" data-widget_type=\"heading.default\">\n\t\t\t\t<div class=\"elementor-widget-container\">\n\t\t\t\t\t<h1 class=\"elementor-heading-title elementor-size-default\">Gesso Acartonado<\/h1>\t\t\t\t<\/div>\n\t\t\t\t<\/div>\n\t\t\t\t\t<\/div>\n\t\t<\/div>\n\t\t\t\t\t<\/div>\n\t\t<\/section>\n\t\t\t\t<div class=\"elementor-element elementor-element-2b9e6f6 elementor-widget elementor-widget-spacer\" data-id=\"2b9e6f6\" data-element_type=\"widget\" data-widget_type=\"spacer.default\">\n\t\t\t\t<div class=\"elementor-widget-container\">\n\t\t\t\t\t\t\t<div class=\"elementor-spacer\">\n\t\t\t<div class=\"elementor-spacer-inner\"><\/div>\n\t\t<\/div>\n\t\t\t\t\t\t<\/div>\n\t\t\t\t<\/div>\n\t\t\t\t<div class=\"elementor-element elementor-element-7b6743f elementor-widget elementor-widget-spacer\" data-id=\"7b6743f\" data-element_type=\"widget\" data-widget_type=\"spacer.default\">\n\t\t\t\t<div class=\"elementor-widget-container\">\n\t\t\t\t\t\t\t<div class=\"elementor-spacer\">\n\t\t\t<div class=\"elementor-spacer-inner\"><\/div>\n\t\t<\/div>\n\t\t\t\t\t\t<\/div>\n\t\t\t\t<\/div>\n\t\t\t\t\t<\/div>\n\t\t<\/div>\n\t\t\t\t\t<\/div>\n\t\t<\/section>\n\t\t\t\t<section class=\"elementor-section elementor-top-section elementor-element elementor-element-9bd2f1f elementor-section-boxed elementor-section-height-default elementor-section-height-default\" data-id=\"9bd2f1f\" data-element_type=\"section\">\n\t\t\t\t\t\t<div class=\"elementor-container elementor-column-gap-default\">\n\t\t\t\t\t<div class=\"elementor-column elementor-col-100 elementor-top-column elementor-element elementor-element-65ad609\" data-id=\"65ad609\" data-element_type=\"column\">\n\t\t\t<div class=\"elementor-widget-wrap elementor-element-populated\">\n\t\t\t\t\t\t<div class=\"elementor-element elementor-element-424cb87 elementor-widget elementor-widget-spacer\" data-id=\"424cb87\" data-element_type=\"widget\" data-widget_type=\"spacer.default\">\n\t\t\t\t<div class=\"elementor-widget-container\">\n\t\t\t\t\t\t\t<div class=\"elementor-spacer\">\n\t\t\t<div class=\"elementor-spacer-inner\"><\/div>\n\t\t<\/div>\n\t\t\t\t\t\t<\/div>\n\t\t\t\t<\/div>\n\t\t\t\t<section class=\"elementor-section elementor-inner-section elementor-element elementor-element-007365f elementor-section-boxed elementor-section-height-default elementor-section-height-default\" data-id=\"007365f\" data-element_type=\"section\">\n\t\t\t\t\t\t<div class=\"elementor-container elementor-column-gap-default\">\n\t\t\t\t\t<div class=\"elementor-column elementor-col-50 elementor-inner-column elementor-element elementor-element-ab85e59\" data-id=\"ab85e59\" data-element_type=\"column\">\n\t\t\t<div class=\"elementor-widget-wrap elementor-element-populated\">\n\t\t\t\t\t\t<div class=\"elementor-element elementor-element-5bd647d elementor-cta--valign-bottom elementor-cta--layout-image-above elementor-cta--skin-classic elementor-animated-content elementor-bg-transform elementor-bg-transform-zoom-in elementor-widget elementor-widget-call-to-action\" data-id=\"5bd647d\" data-element_type=\"widget\" data-widget_type=\"call-to-action.default\">\n\t\t\t\t<div class=\"elementor-widget-container\">\n\t\t\t\t\t\t\t<a class=\"elementor-cta\" href=\"https:\/\/stoffeldivisorias.com.br\/index.php\/product\/drywall-gesso-acartonado\/\">\n\t\t\t\t\t<div class=\"elementor-cta__bg-wrapper\">\n\t\t\t\t<div class=\"elementor-cta__bg elementor-bg\" style=\"background-image: url(https:\/\/stoffeldivisorias.com.br\/wp-content\/uploads\/2021\/04\/Drywall-em-Novo-Hamburgo.jpg);\" role=\"img\" aria-label=\"Drywall em Novo Hamburgo\"><\/div>\n\t\t\t\t<div class=\"elementor-cta__bg-overlay\"><\/div>\n\t\t\t<\/div>\n\t\t\t\t\t\t\t<div class=\"elementor-cta__content\">\n\t\t\t\t\n\t\t\t\t\t\t\t\t\t<h2 class=\"elementor-cta__title elementor-cta__content-item elementor-content-item\">\n\t\t\t\t\t\tDrywall\t\t\t\t\t<\/h2>\n\t\t\t\t\n\t\t\t\t\t\t\t\t\t<div class=\"elementor-cta__description elementor-cta__content-item elementor-content-item\">\n\t\t\t\t\t\tEsse sistema possui uma ampla vantagem sobre as paredes de alvenaria quando se trata de uso interno, al\u00e9m de sua instala\u00e7\u00e3o ser mais limpa e gerar menos desperd\u00edcios...\t\t\t\t\t<\/div>\n\t\t\t\t\n\t\t\t\t\t\t\t\t\t<div class=\"elementor-cta__button-wrapper elementor-cta__content-item elementor-content-item \">\n\t\t\t\t\t<span class=\"elementor-cta__button elementor-button elementor-size-\">\n\t\t\t\t\t\tVer Mais\t\t\t\t\t<\/span>\n\t\t\t\t\t<\/div>\n\t\t\t\t\t\t\t<\/div>\n\t\t\t\t\t\t<\/a>\n\t\t\t\t\t\t<\/div>\n\t\t\t\t<\/div>\n\t\t\t\t\t<\/div>\n\t\t<\/div>\n\t\t\t\t<div class=\"elementor-column elementor-col-50 elementor-inner-column elementor-element elementor-element-def45ce\" data-id=\"def45ce\" data-element_type=\"column\">\n\t\t\t<div class=\"elementor-widget-wrap elementor-element-populated\">\n\t\t\t\t\t\t<div class=\"elementor-element elementor-element-84261f8 elementor-cta--valign-bottom elementor-cta--layout-image-above elementor-cta--skin-classic elementor-animated-content elementor-bg-transform elementor-bg-transform-zoom-in elementor-widget elementor-widget-call-to-action\" data-id=\"84261f8\" data-element_type=\"widget\" data-widget_type=\"call-to-action.default\">\n\t\t\t\t<div class=\"elementor-widget-container\">\n\t\t\t\t\t\t\t<a class=\"elementor-cta\" href=\"https:\/\/stoffeldivisorias.com.br\/index.php\/product\/forro-em-gesso-acartonado\/\">\n\t\t\t\t\t<div class=\"elementor-cta__bg-wrapper\">\n\t\t\t\t<div class=\"elementor-cta__bg elementor-bg\" style=\"background-image: url(https:\/\/stoffeldivisorias.com.br\/wp-content\/uploads\/2021\/04\/Gesso-Acartonado-em-Sao-Produtos.jpg);\" role=\"img\" aria-label=\"Gesso Acartonado em S\u00e3o - Produtos\"><\/div>\n\t\t\t\t<div class=\"elementor-cta__bg-overlay\"><\/div>\n\t\t\t<\/div>\n\t\t\t\t\t\t\t<div class=\"elementor-cta__content\">\n\t\t\t\t\n\t\t\t\t\t\t\t\t\t<h2 class=\"elementor-cta__title elementor-cta__content-item elementor-content-item\">\n\t\t\t\t\t\tForro em Gesso\t\t\t\t\t<\/h2>\n\t\t\t\t\n\t\t\t\t\t\t\t\t\t<div class=\"elementor-cta__description elementor-cta__content-item elementor-content-item\">\n\t\t\t\t\t\tPor ser pr\u00e1tico, o forro \u00e9 gesso \u00e9 uma das op\u00e7\u00f5es mais utilizadas em projetos de arquitetura. Isso por que ele permite trabalhar a est\u00e9tica de forma mais elaborada...\t\t\t\t\t<\/div>\n\t\t\t\t\n\t\t\t\t\t\t\t\t\t<div class=\"elementor-cta__button-wrapper elementor-cta__content-item elementor-content-item \">\n\t\t\t\t\t<span class=\"elementor-cta__button elementor-button elementor-size-\">\n\t\t\t\t\t\tVer Mais\t\t\t\t\t<\/span>\n\t\t\t\t\t<\/div>\n\t\t\t\t\t\t\t<\/div>\n\t\t\t\t\t\t<\/a>\n\t\t\t\t\t\t<\/div>\n\t\t\t\t<\/div>\n\t\t\t\t\t<\/div>\n\t\t<\/div>\n\t\t\t\t\t<\/div>\n\t\t<\/section>\n\t\t\t\t\t<\/div>\n\t\t<\/div>\n\t\t\t\t\t<\/div>\n\t\t<\/section>\n\t\t\t\t<section class=\"elementor-section elementor-top-section elementor-element elementor-element-b1832f7 elementor-section-boxed elementor-section-height-default elementor-section-height-default\" data-id=\"b1832f7\" data-element_type=\"section\">\n\t\t\t\t\t\t<div class=\"elementor-container elementor-column-gap-default\">\n\t\t\t\t\t<div class=\"elementor-column elementor-col-100 elementor-top-column elementor-element elementor-element-fc3853e\" data-id=\"fc3853e\" data-element_type=\"column\">\n\t\t\t<div class=\"elementor-widget-wrap elementor-element-populated\">\n\t\t\t\t\t\t<div class=\"elementor-element elementor-element-4804ec0 elementor-widget elementor-widget-spacer\" data-id=\"4804ec0\" data-element_type=\"widget\" data-widget_type=\"spacer.default\">\n\t\t\t\t<div class=\"elementor-widget-container\">\n\t\t\t\t\t\t\t<div class=\"elementor-spacer\">\n\t\t\t<div class=\"elementor-spacer-inner\"><\/div>\n\t\t<\/div>\n\t\t\t\t\t\t<\/div>\n\t\t\t\t<\/div>\n\t\t\t\t\t<\/div>\n\t\t<\/div>\n\t\t\t\t\t<\/div>\n\t\t<\/section>\n\t\t\t\t<section class=\"elementor-section elementor-top-section elementor-element elementor-element-e83e139 elementor-section-boxed elementor-section-height-default elementor-section-height-default\" data-id=\"e83e139\" data-element_type=\"section\">\n\t\t\t\t\t\t<div class=\"elementor-container elementor-column-gap-default\">\n\t\t\t\t\t<div class=\"elementor-column elementor-col-100 elementor-top-column elementor-element elementor-element-ef1d62c\" data-id=\"ef1d62c\" data-element_type=\"column\">\n\t\t\t<div class=\"elementor-widget-wrap elementor-element-populated\">\n\t\t\t\t\t\t<div class=\"elementor-element elementor-element-9ad8c93 elementor-hidden-desktop elementor-hidden-tablet elementor-hidden-phone elementor-widget elementor-widget-text-editor\" data-id=\"9ad8c93\" data-element_type=\"widget\" data-widget_type=\"text-editor.default\">\n\t\t\t\t<div class=\"elementor-widget-container\">\n\t\t\t\t\t\t\t\t\t<p>DryWall em Novo Hamburgo DryWall em Canoas DryWall em Esteio DryWall em S\u00e3o Leopoldo DryWall em Dois Irm\u00e3os DryWall em Port\u00e3o DryWall em Gravata\u00ed DryWall em Porto Alegre<br>DryWall Novo Hamburgo DryWall Canoas DryWall Esteio DryWall S\u00e3o Leopoldo DryWall Dois Irm\u00e3os DryWall Port\u00e3o DryWall Gravata\u00ed DryWall Porto Alegre<br>Dry Wall em Novo Hamburgo Dry Wall em Canoas Dry Wall em Esteio Dry Wall em S\u00e3o Leopoldo Dry Wall em Dois Irm\u00e3os Dry Wall em Port\u00e3o Dry Wall em Gravata\u00ed Dry Wall em Porto Alegre<br>Comprar DryWall em Novo Hamburgo Comprar DryWall em Canoas Comprar DryWall em Esteio Comprar DryWall em S\u00e3o Leopoldo Comprar DryWall em Dois Irm\u00e3os Comprar DryWall em Port\u00e3o Comprar DryWall em Gravata\u00ed Comprar DryWall em Porto Alegre<br>Venda de DryWall em Novo Hamburgo Venda de DryWall em Canoas Venda de DryWall em Esteio Venda de DryWall em S\u00e3o Leopoldo Venda de DryWall em Dois Irm\u00e3os Venda de DryWall em Port\u00e3o Venda de DryWall em Gravata\u00ed Venda de DryWall em Porto Alegre<\/p><p>Gesso Acartonado em Novo Hamburgo<span style=\"white-space:pre\">\t<\/span>Gesso Acartonado em Canoas<span style=\"white-space:pre\">\t<\/span>Gesso Acartonado em Esteio<span style=\"white-space:pre\">\t<\/span>Gesso Acartonado em S\u00e3o Leopoldo<span style=\"white-space:pre\">\t<\/span>Gesso Acartonado em Dois Irm\u00e3os<span style=\"white-space:pre\">\t<\/span>Gesso Acartonado em Port\u00e3o<span style=\"white-space:pre\">\t<\/span>Gesso Acartonado em Gravata\u00ed<span style=\"white-space:pre\">\t<\/span>Gesso Acartonado em Porto Alegre<\/p><p>Gesso Acartonado Novo Hamburgo<span style=\"white-space:pre\">\t<\/span>Gesso Acartonado&nbsp; Canoas<span style=\"white-space:pre\">\t<\/span>Gesso Acartonado&nbsp; Esteio<span style=\"white-space:pre\">\t<\/span>Gesso Acartonado S\u00e3o Leopoldo<span style=\"white-space:pre\">\t<\/span>Gesso Acartonado Dois Irm\u00e3os<span style=\"white-space:pre\">\t<\/span>Gesso Acartonado Port\u00e3o<span style=\"white-space:pre\">\t<\/span>Gesso Acartonado Gravata\u00ed<span style=\"white-space:pre\">\t<\/span>Gesso Acartonado Porto Alegre<\/p><p>Forro de Gesso em Novo Hamburgo<span style=\"white-space:pre\">\t<\/span>Forro de Gesso em Canoas<span style=\"white-space:pre\">\t<\/span>Forro de Gesso em Esteio<span style=\"white-space:pre\">\t<\/span>Forro de Gesso em S\u00e3o Leopoldo<span style=\"white-space:pre\">\t<\/span>Forro de Gesso em Dois Irm\u00e3os<span style=\"white-space:pre\">\t<\/span>Forro de Gesso em Port\u00e3o<span style=\"white-space:pre\">\t<\/span>Forro de Gesso em Gravata\u00ed<span style=\"white-space:pre\">\t<\/span>Forro de Gesso em Porto Alegre<\/p>\t\t\t\t\t\t\t\t<\/div>\n\t\t\t\t<\/div>\n\t\t\t\t\t<\/div>\n\t\t<\/div>\n\t\t\t\t\t<\/div>\n\t\t<\/section>\n\t\t\t\t<\/div>\n\t\t","protected":false},"excerpt":{"rendered":"<p>Gesso Acartonado Drywall Esse sistema possui uma ampla vantagem sobre as paredes de alvenaria quando se trata de uso interno, al\u00e9m de sua instala\u00e7\u00e3o ser mais limpa e gerar menos desperd\u00edcios&#8230; Ver Mais Forro em Gesso Por ser pr\u00e1tico, o forro \u00e9 gesso \u00e9 uma das op\u00e7\u00f5es mais utilizadas em projetos de arquitetura. Isso por [&hellip;]<\/p>\n","protected":false},"author":1,"featured_media":1164,"parent":0,"menu_order":0,"comment_status":"closed","ping_status":"closed","template":"","meta":{"om_disable_all_campaigns":false,"_monsterinsights_skip_tracking":false,"_monsterinsights_sitenote_active":false,"_monsterinsights_sitenote_note":"","_monsterinsights_sitenote_category":0,"_joinchat":[],"footnotes":""},"class_list":["post-1292","page","type-page","status-publish","has-post-thumbnail","hentry"],"aioseo_notices":[],"_links":{"self":[{"href":"https:\/\/stoffeldivisorias.com.br\/index.php\/wp-json\/wp\/v2\/pages\/1292","targetHints":{"allow":["GET"]}}],"collection":[{"href":"https:\/\/stoffeldivisorias.com.br\/index.php\/wp-json\/wp\/v2\/pages"}],"about":[{"href":"https:\/\/stoffeldivisorias.com.br\/index.php\/wp-json\/wp\/v2\/types\/page"}],"author":[{"embeddable":true,"href":"https:\/\/stoffeldivisorias.com.br\/index.php\/wp-json\/wp\/v2\/users\/1"}],"replies":[{"embeddable":true,"href":"https:\/\/stoffeldivisorias.com.br\/index.php\/wp-json\/wp\/v2\/comments?post=1292"}],"version-history":[{"count":17,"href":"https:\/\/stoffeldivisorias.com.br\/index.php\/wp-json\/wp\/v2\/pages\/1292\/revisions"}],"predecessor-version":[{"id":1558,"href":"https:\/\/stoffeldivisorias.com.br\/index.php\/wp-json\/wp\/v2\/pages\/1292\/revisions\/1558"}],"wp:featuredmedia":[{"embeddable":true,"href":"https:\/\/stoffeldivisorias.com.br\/index.php\/wp-json\/wp\/v2\/media\/1164"}],"wp:attachment":[{"href":"https:\/\/stoffeldivisorias.com.br\/index.php\/wp-json\/wp\/v2\/media?parent=1292"}],"curies":[{"name":"wp","href":"https:\/\/api.w.org\/{rel}","templated":true}]}}