{"id":601,"date":"2021-04-20T17:01:33","date_gmt":"2021-04-20T17:01:33","guid":{"rendered":"http:\/\/moveisstoffel.com.br\/?page_id=601"},"modified":"2023-03-03T16:45:38","modified_gmt":"2023-03-03T19:45:38","slug":"a-stoffel","status":"publish","type":"page","link":"https:\/\/stoffeldivisorias.com.br\/index.php\/a-stoffel\/","title":{"rendered":"A Stoffel"},"content":{"rendered":"\t\t<div data-elementor-type=\"wp-page\" data-elementor-id=\"601\" class=\"elementor elementor-601\" data-elementor-post-type=\"page\">\n\t\t\t\t\t\t<section class=\"elementor-section elementor-top-section elementor-element elementor-element-5f327b9 elementor-section-height-min-height elementor-section-boxed elementor-section-height-default elementor-section-items-middle\" data-id=\"5f327b9\" data-element_type=\"section\" data-settings=\"{&quot;background_background&quot;:&quot;gradient&quot;}\">\n\t\t\t\t\t\t<div class=\"elementor-container elementor-column-gap-default\">\n\t\t\t\t\t<div class=\"elementor-column elementor-col-100 elementor-top-column elementor-element elementor-element-82e4d7d\" data-id=\"82e4d7d\" data-element_type=\"column\">\n\t\t\t<div class=\"elementor-widget-wrap elementor-element-populated\">\n\t\t\t\t\t\t<div class=\"elementor-element elementor-element-ef9f706 elementor-widget elementor-widget-spacer\" data-id=\"ef9f706\" data-element_type=\"widget\" data-widget_type=\"spacer.default\">\n\t\t\t\t<div class=\"elementor-widget-container\">\n\t\t\t\t\t\t\t<div class=\"elementor-spacer\">\n\t\t\t<div class=\"elementor-spacer-inner\"><\/div>\n\t\t<\/div>\n\t\t\t\t\t\t<\/div>\n\t\t\t\t<\/div>\n\t\t\t\t<section class=\"elementor-section elementor-inner-section elementor-element elementor-element-50a8d87 elementor-section-boxed elementor-section-height-default elementor-section-height-default\" data-id=\"50a8d87\" data-element_type=\"section\">\n\t\t\t\t\t\t<div class=\"elementor-container elementor-column-gap-default\">\n\t\t\t\t\t<div class=\"elementor-column elementor-col-100 elementor-inner-column elementor-element elementor-element-3cea330\" data-id=\"3cea330\" data-element_type=\"column\" data-settings=\"{&quot;background_background&quot;:&quot;gradient&quot;}\">\n\t\t\t<div class=\"elementor-widget-wrap elementor-element-populated\">\n\t\t\t\t\t\t<div class=\"elementor-element elementor-element-5500827 elementor-widget elementor-widget-heading\" data-id=\"5500827\" data-element_type=\"widget\" data-widget_type=\"heading.default\">\n\t\t\t\t<div class=\"elementor-widget-container\">\n\t\t\t\t\t<h1 class=\"elementor-heading-title elementor-size-default\">A Stoffel<\/h1>\t\t\t\t<\/div>\n\t\t\t\t<\/div>\n\t\t\t\t\t<\/div>\n\t\t<\/div>\n\t\t\t\t\t<\/div>\n\t\t<\/section>\n\t\t\t\t<div class=\"elementor-element elementor-element-f82eab2 elementor-widget elementor-widget-spacer\" data-id=\"f82eab2\" data-element_type=\"widget\" data-widget_type=\"spacer.default\">\n\t\t\t\t<div class=\"elementor-widget-container\">\n\t\t\t\t\t\t\t<div class=\"elementor-spacer\">\n\t\t\t<div class=\"elementor-spacer-inner\"><\/div>\n\t\t<\/div>\n\t\t\t\t\t\t<\/div>\n\t\t\t\t<\/div>\n\t\t\t\t<div class=\"elementor-element elementor-element-2f20250 elementor-widget elementor-widget-spacer\" data-id=\"2f20250\" data-element_type=\"widget\" data-widget_type=\"spacer.default\">\n\t\t\t\t<div class=\"elementor-widget-container\">\n\t\t\t\t\t\t\t<div class=\"elementor-spacer\">\n\t\t\t<div class=\"elementor-spacer-inner\"><\/div>\n\t\t<\/div>\n\t\t\t\t\t\t<\/div>\n\t\t\t\t<\/div>\n\t\t\t\t\t<\/div>\n\t\t<\/div>\n\t\t\t\t\t<\/div>\n\t\t<\/section>\n\t\t\t\t<section class=\"elementor-section elementor-top-section elementor-element elementor-element-f1e868c elementor-section-boxed elementor-section-height-default elementor-section-height-default\" data-id=\"f1e868c\" data-element_type=\"section\">\n\t\t\t\t\t\t<div class=\"elementor-container elementor-column-gap-default\">\n\t\t\t\t\t<div class=\"elementor-column elementor-col-100 elementor-top-column elementor-element elementor-element-68e21b4\" data-id=\"68e21b4\" data-element_type=\"column\">\n\t\t\t<div class=\"elementor-widget-wrap elementor-element-populated\">\n\t\t\t\t\t\t<section class=\"elementor-section elementor-inner-section elementor-element elementor-element-59cb518 elementor-section-boxed elementor-section-height-default elementor-section-height-default\" data-id=\"59cb518\" data-element_type=\"section\">\n\t\t\t\t\t\t<div class=\"elementor-container elementor-column-gap-default\">\n\t\t\t\t\t<div class=\"elementor-column elementor-col-50 elementor-inner-column elementor-element elementor-element-4234aec\" data-id=\"4234aec\" data-element_type=\"column\">\n\t\t\t<div class=\"elementor-widget-wrap elementor-element-populated\">\n\t\t\t\t\t\t<div class=\"elementor-element elementor-element-3c31366 elementor-widget elementor-widget-text-editor\" data-id=\"3c31366\" data-element_type=\"widget\" data-widget_type=\"text-editor.default\">\n\t\t\t\t<div class=\"elementor-widget-container\">\n\t\t\t\t\t\t\t\t\t<p class=\"_04xlpA direction-ltr align-start para-style-body\"><span class=\"JsGRdQ\">A Stoffel, empresa de <\/span><span class=\"JsGRdQ\">Divis\u00f3rias em <strong>Novo Hamburgo<\/strong><\/span><span class=\"JsGRdQ\">, foi fundada em 1990, com o objetivo de atender o mercado brasileiro de <strong>divis\u00f3rias<\/strong>, oferecendo <a href=\"http:\/\/moveisstoffel.com.br\/index.php\/prod\/\">produtos<\/a> diferenciados e exclusivos.<\/span><\/p><p class=\"_04xlpA direction-ltr align-start para-style-body\"><span class=\"JsGRdQ\">No ano de 2010, a empresa iniciou a produ\u00e7\u00e3o de <a href=\"http:\/\/stoffelmoveis.com.br\">m\u00f3veis para escrit\u00f3rio.<\/a><\/span><\/p><p class=\"_04xlpA direction-ltr align-start para-style-body\"><span class=\"JsGRdQ\">Com o passar do tempo, a Stoffel cresceu e<strong> se <\/strong><\/span><strong><span class=\"JsGRdQ\">consolidou no setor<\/span><\/strong><span class=\"JsGRdQ\">, gra\u00e7as aos seus <\/span><span class=\"JsGRdQ\"><a href=\"http:\/\/moveisstoffel.com.br\/index.php\/prod\/\">produtos<\/a> e <strong>servi\u00e7os de qualidade<\/strong><\/span><span class=\"JsGRdQ\">, com a <strong>fabrica\u00e7\u00e3o e equipe de montagem pr\u00f3pria<\/strong>.<\/span><\/p><p class=\"_04xlpA direction-ltr align-start para-style-body\"><span class=\"JsGRdQ\">Em nossa se\u00e7\u00e3o de <a href=\"http:\/\/moveisstoffel.com.br\/index.php\/prod\/\">produtos<\/a>, voc\u00ea conhecer\u00e1 melhor as capacidades e caracter\u00edsticas de cada um. Escolha o mais adequado ao seu projeto. A fabrica\u00e7\u00e3o segue as especifica\u00e7\u00f5es do cliente e \u00e9 feita <strong>sob medida<\/strong>.<\/span><\/p>\t\t\t\t\t\t\t\t<\/div>\n\t\t\t\t<\/div>\n\t\t\t\t\t<\/div>\n\t\t<\/div>\n\t\t\t\t<div class=\"elementor-column elementor-col-50 elementor-inner-column elementor-element elementor-element-f47eac1\" data-id=\"f47eac1\" data-element_type=\"column\">\n\t\t\t<div class=\"elementor-widget-wrap elementor-element-populated\">\n\t\t\t\t\t\t<div class=\"elementor-element elementor-element-d0ff275 elementor-widget elementor-widget-image\" data-id=\"d0ff275\" data-element_type=\"widget\" data-settings=\"{&quot;motion_fx_motion_fx_scrolling&quot;:&quot;yes&quot;,&quot;motion_fx_scale_effect&quot;:&quot;yes&quot;,&quot;motion_fx_scale_speed&quot;:{&quot;unit&quot;:&quot;px&quot;,&quot;size&quot;:2,&quot;sizes&quot;:[]},&quot;motion_fx_scale_direction&quot;:&quot;out-in&quot;,&quot;motion_fx_scale_range&quot;:{&quot;unit&quot;:&quot;%&quot;,&quot;size&quot;:&quot;&quot;,&quot;sizes&quot;:{&quot;start&quot;:20,&quot;end&quot;:80}},&quot;motion_fx_devices&quot;:[&quot;desktop&quot;,&quot;tablet&quot;,&quot;mobile&quot;]}\" data-widget_type=\"image.default\">\n\t\t\t\t<div class=\"elementor-widget-container\">\n\t\t\t\t\t\t\t\t\t\t\t\t\t\t\t<img fetchpriority=\"high\" decoding=\"async\" width=\"500\" height=\"500\" src=\"https:\/\/stoffeldivisorias.com.br\/wp-content\/uploads\/2021\/04\/Divisorias-Novo-Hamburgo.jpg\" class=\"attachment-full size-full wp-image-1069\" alt=\"Divis\u00f3rias em Novo Hamburgo\" srcset=\"https:\/\/stoffeldivisorias.com.br\/wp-content\/uploads\/2021\/04\/Divisorias-Novo-Hamburgo.jpg 500w, https:\/\/stoffeldivisorias.com.br\/wp-content\/uploads\/2021\/04\/Divisorias-Novo-Hamburgo-300x300.jpg 300w, https:\/\/stoffeldivisorias.com.br\/wp-content\/uploads\/2021\/04\/Divisorias-Novo-Hamburgo-150x150.jpg 150w, https:\/\/stoffeldivisorias.com.br\/wp-content\/uploads\/2021\/04\/Divisorias-Novo-Hamburgo-100x100.jpg 100w\" sizes=\"(max-width: 500px) 100vw, 500px\" \/>\t\t\t\t\t\t\t\t\t\t\t\t\t\t\t<\/div>\n\t\t\t\t<\/div>\n\t\t\t\t<div class=\"elementor-element elementor-element-04c6764 elementor-absolute elementor-widget-mobile__width-initial elementor-widget elementor-widget-image\" data-id=\"04c6764\" data-element_type=\"widget\" data-settings=\"{&quot;motion_fx_motion_fx_scrolling&quot;:&quot;yes&quot;,&quot;motion_fx_translateY_effect&quot;:&quot;yes&quot;,&quot;motion_fx_scale_effect&quot;:&quot;yes&quot;,&quot;motion_fx_scale_direction&quot;:&quot;in-out&quot;,&quot;motion_fx_scale_speed&quot;:{&quot;unit&quot;:&quot;px&quot;,&quot;size&quot;:2,&quot;sizes&quot;:[]},&quot;_position&quot;:&quot;absolute&quot;,&quot;motion_fx_translateY_speed&quot;:{&quot;unit&quot;:&quot;px&quot;,&quot;size&quot;:4,&quot;sizes&quot;:[]},&quot;motion_fx_translateY_affectedRange&quot;:{&quot;unit&quot;:&quot;%&quot;,&quot;size&quot;:&quot;&quot;,&quot;sizes&quot;:{&quot;start&quot;:0,&quot;end&quot;:100}},&quot;motion_fx_scale_range&quot;:{&quot;unit&quot;:&quot;%&quot;,&quot;size&quot;:&quot;&quot;,&quot;sizes&quot;:{&quot;start&quot;:20,&quot;end&quot;:80}},&quot;motion_fx_devices&quot;:[&quot;desktop&quot;,&quot;tablet&quot;,&quot;mobile&quot;]}\" data-widget_type=\"image.default\">\n\t\t\t\t<div class=\"elementor-widget-container\">\n\t\t\t\t\t\t\t\t\t\t\t\t<figure class=\"wp-caption\">\n\t\t\t\t\t\t\t\t\t\t<img decoding=\"async\" width=\"500\" height=\"500\" src=\"https:\/\/stoffeldivisorias.com.br\/wp-content\/uploads\/2021\/04\/Divisorias-Dois-Irmaos.jpg\" class=\"attachment-full size-full wp-image-1070\" alt=\"Divis\u00f3rias em Novo Hamburgo\" srcset=\"https:\/\/stoffeldivisorias.com.br\/wp-content\/uploads\/2021\/04\/Divisorias-Dois-Irmaos.jpg 500w, https:\/\/stoffeldivisorias.com.br\/wp-content\/uploads\/2021\/04\/Divisorias-Dois-Irmaos-300x300.jpg 300w, https:\/\/stoffeldivisorias.com.br\/wp-content\/uploads\/2021\/04\/Divisorias-Dois-Irmaos-150x150.jpg 150w, https:\/\/stoffeldivisorias.com.br\/wp-content\/uploads\/2021\/04\/Divisorias-Dois-Irmaos-100x100.jpg 100w\" sizes=\"(max-width: 500px) 100vw, 500px\" \/>\t\t\t\t\t\t\t\t\t\t\t<figcaption class=\"widget-image-caption wp-caption-text\">H\u00e1 30 anos no mercado colecionando pr\u00eamios e oferecendo produtos personalizados, diferenciados e exclusivos!<\/figcaption>\n\t\t\t\t\t\t\t\t\t\t<\/figure>\n\t\t\t\t\t\t\t\t\t<\/div>\n\t\t\t\t<\/div>\n\t\t\t\t\t<\/div>\n\t\t<\/div>\n\t\t\t\t\t<\/div>\n\t\t<\/section>\n\t\t\t\t<div class=\"elementor-element elementor-element-7da2d6f elementor-widget elementor-widget-spacer\" data-id=\"7da2d6f\" data-element_type=\"widget\" data-widget_type=\"spacer.default\">\n\t\t\t\t<div class=\"elementor-widget-container\">\n\t\t\t\t\t\t\t<div class=\"elementor-spacer\">\n\t\t\t<div class=\"elementor-spacer-inner\"><\/div>\n\t\t<\/div>\n\t\t\t\t\t\t<\/div>\n\t\t\t\t<\/div>\n\t\t\t\t\t<\/div>\n\t\t<\/div>\n\t\t\t\t\t<\/div>\n\t\t<\/section>\n\t\t\t\t<section class=\"elementor-section elementor-top-section elementor-element elementor-element-6d317fa elementor-section-boxed elementor-section-height-default elementor-section-height-default\" data-id=\"6d317fa\" data-element_type=\"section\">\n\t\t\t\t\t\t<div class=\"elementor-container elementor-column-gap-default\">\n\t\t\t\t\t<div class=\"elementor-column elementor-col-100 elementor-top-column elementor-element elementor-element-ae944b0\" data-id=\"ae944b0\" data-element_type=\"column\">\n\t\t\t<div class=\"elementor-widget-wrap elementor-element-populated\">\n\t\t\t\t\t\t<div class=\"elementor-element elementor-element-83e46e0 elementor-widget elementor-widget-spacer\" data-id=\"83e46e0\" data-element_type=\"widget\" data-widget_type=\"spacer.default\">\n\t\t\t\t<div class=\"elementor-widget-container\">\n\t\t\t\t\t\t\t<div class=\"elementor-spacer\">\n\t\t\t<div class=\"elementor-spacer-inner\"><\/div>\n\t\t<\/div>\n\t\t\t\t\t\t<\/div>\n\t\t\t\t<\/div>\n\t\t\t\t\t<\/div>\n\t\t<\/div>\n\t\t\t\t\t<\/div>\n\t\t<\/section>\n\t\t\t\t<section class=\"elementor-section elementor-top-section elementor-element elementor-element-d99cfe6 elementor-section-boxed elementor-section-height-default elementor-section-height-default\" data-id=\"d99cfe6\" data-element_type=\"section\">\n\t\t\t\t\t\t<div class=\"elementor-container elementor-column-gap-default\">\n\t\t\t\t\t<div class=\"elementor-column elementor-col-100 elementor-top-column elementor-element elementor-element-90a31cb\" data-id=\"90a31cb\" data-element_type=\"column\">\n\t\t\t<div class=\"elementor-widget-wrap elementor-element-populated\">\n\t\t\t\t\t\t<section class=\"elementor-section elementor-inner-section elementor-element elementor-element-14bc699 elementor-section-boxed elementor-section-height-default elementor-section-height-default\" data-id=\"14bc699\" data-element_type=\"section\">\n\t\t\t\t\t\t<div class=\"elementor-container elementor-column-gap-extended\">\n\t\t\t\t\t<div class=\"elementor-column elementor-col-100 elementor-inner-column elementor-element elementor-element-730c045\" data-id=\"730c045\" data-element_type=\"column\">\n\t\t\t<div class=\"elementor-widget-wrap elementor-element-populated\">\n\t\t\t\t\t\t<div class=\"elementor-element elementor-element-5be1f98 elementor-widget elementor-widget-heading\" data-id=\"5be1f98\" data-element_type=\"widget\" data-widget_type=\"heading.default\">\n\t\t\t\t<div class=\"elementor-widget-container\">\n\t\t\t\t\t<h2 class=\"elementor-heading-title elementor-size-default\">Compromisso com as pessoas e Sustentabilidade<\/h2>\t\t\t\t<\/div>\n\t\t\t\t<\/div>\n\t\t\t\t\t<\/div>\n\t\t<\/div>\n\t\t\t\t\t<\/div>\n\t\t<\/section>\n\t\t\t\t\t<\/div>\n\t\t<\/div>\n\t\t\t\t\t<\/div>\n\t\t<\/section>\n\t\t\t\t<section class=\"elementor-section elementor-top-section elementor-element elementor-element-3294bdb elementor-section-boxed elementor-section-height-default elementor-section-height-default\" data-id=\"3294bdb\" data-element_type=\"section\">\n\t\t\t\t\t\t<div class=\"elementor-container elementor-column-gap-default\">\n\t\t\t\t\t<div class=\"elementor-column elementor-col-100 elementor-top-column elementor-element elementor-element-83d3240\" data-id=\"83d3240\" data-element_type=\"column\">\n\t\t\t<div class=\"elementor-widget-wrap elementor-element-populated\">\n\t\t\t\t\t\t<section class=\"elementor-section elementor-inner-section elementor-element elementor-element-8d27c07 elementor-section-boxed elementor-section-height-default elementor-section-height-default\" data-id=\"8d27c07\" data-element_type=\"section\">\n\t\t\t\t\t\t<div class=\"elementor-container elementor-column-gap-extended\">\n\t\t\t\t\t<div class=\"elementor-column elementor-col-50 elementor-inner-column elementor-element elementor-element-8daa5b1\" data-id=\"8daa5b1\" data-element_type=\"column\">\n\t\t\t<div class=\"elementor-widget-wrap elementor-element-populated\">\n\t\t\t\t\t\t<div class=\"elementor-element elementor-element-29d6239 elementor-widget elementor-widget-image\" data-id=\"29d6239\" data-element_type=\"widget\" data-widget_type=\"image.default\">\n\t\t\t\t<div class=\"elementor-widget-container\">\n\t\t\t\t\t\t\t\t\t\t\t\t\t\t\t<img decoding=\"async\" width=\"500\" height=\"500\" src=\"https:\/\/stoffeldivisorias.com.br\/wp-content\/uploads\/2023\/03\/Sustentavel.png\" class=\"attachment-large size-large wp-image-1807\" alt=\"\" srcset=\"https:\/\/stoffeldivisorias.com.br\/wp-content\/uploads\/2023\/03\/Sustentavel.png 500w, https:\/\/stoffeldivisorias.com.br\/wp-content\/uploads\/2023\/03\/Sustentavel-300x300.png 300w, https:\/\/stoffeldivisorias.com.br\/wp-content\/uploads\/2023\/03\/Sustentavel-150x150.png 150w, https:\/\/stoffeldivisorias.com.br\/wp-content\/uploads\/2023\/03\/Sustentavel-100x100.png 100w\" sizes=\"(max-width: 500px) 100vw, 500px\" \/>\t\t\t\t\t\t\t\t\t\t\t\t\t\t\t<\/div>\n\t\t\t\t<\/div>\n\t\t\t\t\t<\/div>\n\t\t<\/div>\n\t\t\t\t<div class=\"elementor-column elementor-col-50 elementor-inner-column elementor-element elementor-element-b9b03b6\" data-id=\"b9b03b6\" data-element_type=\"column\">\n\t\t\t<div class=\"elementor-widget-wrap elementor-element-populated\">\n\t\t\t\t\t\t<div class=\"elementor-element elementor-element-c32363e elementor-widget elementor-widget-heading\" data-id=\"c32363e\" data-element_type=\"widget\" data-widget_type=\"heading.default\">\n\t\t\t\t<div class=\"elementor-widget-container\">\n\t\t\t\t\t<h2 class=\"elementor-heading-title elementor-size-default\"><p class=\"04xlpa\" style=\"margin-top:0cm\"><span class=\"jsgrdq\"><span style=\",serif;color:#484848\">A valoriza\u00e7\u00e3o e o cuidado\ncom nossos <b>colaboradores <\/b>s\u00e3o alguns de nossos <b>pilares fundamentais<\/b>, sempre\nprezando pelo bem estar e seguran\u00e7a dos colaboradores. Onde nenhum deles \u00e9\nexposto a quaisquer riscos de acidente de trabalho utilizando os devidos EPI\u2019s para\nas diferentes atividades. <br>\n<br>\nAcreditamos profundamente que podemos contribuir de <b>forma positiva para a\nsociedade<\/b>, bem como para o meio ambiente em que vivemos. Por isso, atuamos no\ndia a dia com a\u00e7\u00f5es a favor da promo\u00e7\u00e3o da <b>Sustentabilidade Ambiental<\/b>, com o\ndescarte correto e devido de materiais, al\u00e9m da utiliza\u00e7\u00e3o de um sistema\npr\u00f3prio de <b>reaproveitamento desses materiais.<\/b> <\/span><\/span><span class=\"jsgrdq\"><b><span style=\"font-size:13.0pt;,serif;color:#484848\"><\/span><\/b><\/span><\/p>\n\n<p class=\"_04xlpA direction-ltr align-start para-style-body\" style=\"font-size: 16px;font-weight: 400;white-space: normal\"><\/p><\/h2>\t\t\t\t<\/div>\n\t\t\t\t<\/div>\n\t\t\t\t\t<\/div>\n\t\t<\/div>\n\t\t\t\t\t<\/div>\n\t\t<\/section>\n\t\t\t\t\t<\/div>\n\t\t<\/div>\n\t\t\t\t\t<\/div>\n\t\t<\/section>\n\t\t\t\t<\/div>\n\t\t","protected":false},"excerpt":{"rendered":"<p>A Stoffel A Stoffel, empresa de Divis\u00f3rias em Novo Hamburgo, foi fundada em 1990, com o objetivo de atender o mercado brasileiro de divis\u00f3rias, oferecendo produtos diferenciados e exclusivos. No ano de 2010, a empresa iniciou a produ\u00e7\u00e3o de m\u00f3veis para escrit\u00f3rio. Com o passar do tempo, a Stoffel cresceu e se consolidou no setor, [&hellip;]<\/p>\n","protected":false},"author":1,"featured_media":0,"parent":0,"menu_order":0,"comment_status":"closed","ping_status":"closed","template":"","meta":{"om_disable_all_campaigns":false,"_monsterinsights_skip_tracking":false,"_monsterinsights_sitenote_active":false,"_monsterinsights_sitenote_note":"","_monsterinsights_sitenote_category":0,"_joinchat":[],"footnotes":""},"class_list":["post-601","page","type-page","status-publish","hentry"],"aioseo_notices":[],"_links":{"self":[{"href":"https:\/\/stoffeldivisorias.com.br\/index.php\/wp-json\/wp\/v2\/pages\/601","targetHints":{"allow":["GET"]}}],"collection":[{"href":"https:\/\/stoffeldivisorias.com.br\/index.php\/wp-json\/wp\/v2\/pages"}],"about":[{"href":"https:\/\/stoffeldivisorias.com.br\/index.php\/wp-json\/wp\/v2\/types\/page"}],"author":[{"embeddable":true,"href":"https:\/\/stoffeldivisorias.com.br\/index.php\/wp-json\/wp\/v2\/users\/1"}],"replies":[{"embeddable":true,"href":"https:\/\/stoffeldivisorias.com.br\/index.php\/wp-json\/wp\/v2\/comments?post=601"}],"version-history":[{"count":32,"href":"https:\/\/stoffeldivisorias.com.br\/index.php\/wp-json\/wp\/v2\/pages\/601\/revisions"}],"predecessor-version":[{"id":1809,"href":"https:\/\/stoffeldivisorias.com.br\/index.php\/wp-json\/wp\/v2\/pages\/601\/revisions\/1809"}],"wp:attachment":[{"href":"https:\/\/stoffeldivisorias.com.br\/index.php\/wp-json\/wp\/v2\/media?parent=601"}],"curies":[{"name":"wp","href":"https:\/\/api.w.org\/{rel}","templated":true}]}}