{"id":615,"date":"2021-04-23T14:48:53","date_gmt":"2021-04-23T14:48:53","guid":{"rendered":"http:\/\/moveisstoffel.com.br\/?page_id=615"},"modified":"2024-10-24T07:35:45","modified_gmt":"2024-10-24T10:35:45","slug":"servicos","status":"publish","type":"page","link":"https:\/\/stoffeldivisorias.com.br\/index.php\/servicos\/","title":{"rendered":"Servi\u00e7os"},"content":{"rendered":"\t\t<div data-elementor-type=\"wp-page\" data-elementor-id=\"615\" class=\"elementor elementor-615\" data-elementor-post-type=\"page\">\n\t\t\t\t\t\t<section class=\"elementor-section elementor-top-section elementor-element elementor-element-6ca83083 elementor-section-height-min-height elementor-section-boxed elementor-section-height-default elementor-section-items-middle\" data-id=\"6ca83083\" data-element_type=\"section\" data-settings=\"{&quot;background_background&quot;:&quot;gradient&quot;}\">\n\t\t\t\t\t\t<div class=\"elementor-container elementor-column-gap-default\">\n\t\t\t\t\t<div class=\"elementor-column elementor-col-100 elementor-top-column elementor-element elementor-element-2c8cbf61\" data-id=\"2c8cbf61\" data-element_type=\"column\">\n\t\t\t<div class=\"elementor-widget-wrap elementor-element-populated\">\n\t\t\t\t\t\t<section class=\"elementor-section elementor-inner-section elementor-element elementor-element-da89350 elementor-section-boxed elementor-section-height-default elementor-section-height-default\" data-id=\"da89350\" data-element_type=\"section\">\n\t\t\t\t\t\t<div class=\"elementor-container elementor-column-gap-default\">\n\t\t\t\t\t<div class=\"elementor-column elementor-col-100 elementor-inner-column elementor-element elementor-element-2cef5e4\" data-id=\"2cef5e4\" data-element_type=\"column\" data-settings=\"{&quot;background_background&quot;:&quot;gradient&quot;}\">\n\t\t\t<div class=\"elementor-widget-wrap elementor-element-populated\">\n\t\t\t\t\t\t<div class=\"elementor-element elementor-element-188cb5d elementor-widget elementor-widget-heading\" data-id=\"188cb5d\" data-element_type=\"widget\" data-widget_type=\"heading.default\">\n\t\t\t\t<div class=\"elementor-widget-container\">\n\t\t\t\t\t<h1 class=\"elementor-heading-title elementor-size-default\">Servi\u00e7os<\/h1>\t\t\t\t<\/div>\n\t\t\t\t<\/div>\n\t\t\t\t\t<\/div>\n\t\t<\/div>\n\t\t\t\t\t<\/div>\n\t\t<\/section>\n\t\t\t\t\t<\/div>\n\t\t<\/div>\n\t\t\t\t\t<\/div>\n\t\t<\/section>\n\t\t\t\t<section class=\"elementor-section elementor-top-section elementor-element elementor-element-134d7da elementor-section-boxed elementor-section-height-default elementor-section-height-default\" data-id=\"134d7da\" data-element_type=\"section\">\n\t\t\t\t\t\t<div class=\"elementor-container elementor-column-gap-default\">\n\t\t\t\t\t<div class=\"elementor-column elementor-col-100 elementor-top-column elementor-element elementor-element-dccefed\" data-id=\"dccefed\" data-element_type=\"column\">\n\t\t\t<div class=\"elementor-widget-wrap elementor-element-populated\">\n\t\t\t\t\t\t<div class=\"elementor-element elementor-element-18cfc7a elementor-widget elementor-widget-spacer\" data-id=\"18cfc7a\" data-element_type=\"widget\" data-widget_type=\"spacer.default\">\n\t\t\t\t<div class=\"elementor-widget-container\">\n\t\t\t\t\t\t\t<div class=\"elementor-spacer\">\n\t\t\t<div class=\"elementor-spacer-inner\"><\/div>\n\t\t<\/div>\n\t\t\t\t\t\t<\/div>\n\t\t\t\t<\/div>\n\t\t\t\t<div class=\"elementor-element elementor-element-2f5f5fd elementor-widget elementor-widget-heading\" data-id=\"2f5f5fd\" data-element_type=\"widget\" data-widget_type=\"heading.default\">\n\t\t\t\t<div class=\"elementor-widget-container\">\n\t\t\t\t\t<h2 class=\"elementor-heading-title elementor-size-default\">Nossa Equipe T\u00e9cnica Est\u00e1 \nPreparada Para Prestar o Melhor Servi\u00e7o!<\/h2>\t\t\t\t<\/div>\n\t\t\t\t<\/div>\n\t\t\t\t<div class=\"elementor-element elementor-element-a398a12 elementor-widget-divider--view-line elementor-widget elementor-widget-divider\" data-id=\"a398a12\" data-element_type=\"widget\" data-widget_type=\"divider.default\">\n\t\t\t\t<div class=\"elementor-widget-container\">\n\t\t\t\t\t\t\t<div class=\"elementor-divider\">\n\t\t\t<span class=\"elementor-divider-separator\">\n\t\t\t\t\t\t<\/span>\n\t\t<\/div>\n\t\t\t\t\t\t<\/div>\n\t\t\t\t<\/div>\n\t\t\t\t<div class=\"elementor-element elementor-element-4c6d636 elementor-widget elementor-widget-spacer\" data-id=\"4c6d636\" data-element_type=\"widget\" data-widget_type=\"spacer.default\">\n\t\t\t\t<div class=\"elementor-widget-container\">\n\t\t\t\t\t\t\t<div class=\"elementor-spacer\">\n\t\t\t<div class=\"elementor-spacer-inner\"><\/div>\n\t\t<\/div>\n\t\t\t\t\t\t<\/div>\n\t\t\t\t<\/div>\n\t\t\t\t\t<\/div>\n\t\t<\/div>\n\t\t\t\t\t<\/div>\n\t\t<\/section>\n\t\t\t\t<section class=\"elementor-section elementor-top-section elementor-element elementor-element-6f16c82 elementor-section-boxed elementor-section-height-default elementor-section-height-default\" data-id=\"6f16c82\" data-element_type=\"section\">\n\t\t\t\t\t\t\t<div class=\"elementor-background-overlay\"><\/div>\n\t\t\t\t\t\t\t<div class=\"elementor-container elementor-column-gap-default\">\n\t\t\t\t\t<div class=\"elementor-column elementor-col-50 elementor-top-column elementor-element elementor-element-4bbc95b\" data-id=\"4bbc95b\" data-element_type=\"column\">\n\t\t\t<div class=\"elementor-widget-wrap elementor-element-populated\">\n\t\t\t\t\t\t<div class=\"elementor-element elementor-element-8b52e30 elementor-widget elementor-widget-image\" data-id=\"8b52e30\" data-element_type=\"widget\" data-widget_type=\"image.default\">\n\t\t\t\t<div class=\"elementor-widget-container\">\n\t\t\t\t\t\t\t\t\t\t\t\t\t\t\t<img fetchpriority=\"high\" decoding=\"async\" width=\"700\" height=\"500\" src=\"https:\/\/stoffeldivisorias.com.br\/wp-content\/uploads\/2021\/05\/Instalacao-de-DryWall-em-Novo-Hamburgo.jpg\" class=\"attachment-large size-large wp-image-1207\" alt=\"\" srcset=\"https:\/\/stoffeldivisorias.com.br\/wp-content\/uploads\/2021\/05\/Instalacao-de-DryWall-em-Novo-Hamburgo.jpg 700w, https:\/\/stoffeldivisorias.com.br\/wp-content\/uploads\/2021\/05\/Instalacao-de-DryWall-em-Novo-Hamburgo-300x214.jpg 300w, https:\/\/stoffeldivisorias.com.br\/wp-content\/uploads\/2021\/05\/Instalacao-de-DryWall-em-Novo-Hamburgo-600x429.jpg 600w\" sizes=\"(max-width: 700px) 100vw, 700px\" \/>\t\t\t\t\t\t\t\t\t\t\t\t\t\t\t<\/div>\n\t\t\t\t<\/div>\n\t\t\t\t\t<\/div>\n\t\t<\/div>\n\t\t\t\t<div class=\"elementor-column elementor-col-50 elementor-top-column elementor-element elementor-element-a5e5c30\" data-id=\"a5e5c30\" data-element_type=\"column\">\n\t\t\t<div class=\"elementor-widget-wrap elementor-element-populated\">\n\t\t\t\t\t\t<div class=\"elementor-element elementor-element-fe260e7 elementor-widget elementor-widget-heading\" data-id=\"fe260e7\" data-element_type=\"widget\" data-widget_type=\"heading.default\">\n\t\t\t\t<div class=\"elementor-widget-container\">\n\t\t\t\t\t<h3 class=\"elementor-heading-title elementor-size-default\">Instala\u00e7\u00e3o<\/h3>\t\t\t\t<\/div>\n\t\t\t\t<\/div>\n\t\t\t\t<div class=\"elementor-element elementor-element-6c1467c elementor-widget elementor-widget-text-editor\" data-id=\"6c1467c\" data-element_type=\"widget\" data-widget_type=\"text-editor.default\">\n\t\t\t\t<div class=\"elementor-widget-container\">\n\t\t\t\t\t\t\t\t\t<p><span class=\"JsGRdQ\" style=\"color: #6b6c63;\">Fazer instala\u00e7\u00e3o de forros e divis\u00f3rias exige profissionais capacitados para que o servi\u00e7o seja limpo e impec\u00e1vel. Por isso nosso time de instaladores est\u00e1 preparado para deixar o seu projeto do jeitinho que voc\u00ea imaginou.<\/span> <span class=\"JsGRdQ\" style=\"color: #6b6c63;\">Sempre visando qualidade acima de tudo.<\/span><\/p>\t\t\t\t\t\t\t\t<\/div>\n\t\t\t\t<\/div>\n\t\t\t\t<div class=\"elementor-element elementor-element-5bd623c2 elementor-align-center elementor-widget elementor-widget-button\" data-id=\"5bd623c2\" data-element_type=\"widget\" data-widget_type=\"button.default\">\n\t\t\t\t<div class=\"elementor-widget-container\">\n\t\t\t\t\t\t\t\t\t<div class=\"elementor-button-wrapper\">\n\t\t\t\t\t<a class=\"elementor-button elementor-button-link elementor-size-lg\" href=\"https:\/\/api.whatsapp.com\/send?phone=5551992458922&#038;text=Ol\u00e1,%20preciso%20de%20uma%20instala\u00e7\u00e3o!\" product=\"\">\n\t\t\t\t\t\t<span class=\"elementor-button-content-wrapper\">\n\t\t\t\t\t\t\t\t\t<span class=\"elementor-button-text\">Preciso de uma instala\u00e7\u00e3o<\/span>\n\t\t\t\t\t<\/span>\n\t\t\t\t\t<\/a>\n\t\t\t\t<\/div>\n\t\t\t\t\t\t\t\t<\/div>\n\t\t\t\t<\/div>\n\t\t\t\t\t<\/div>\n\t\t<\/div>\n\t\t\t\t\t<\/div>\n\t\t<\/section>\n\t\t\t\t<section class=\"elementor-section elementor-top-section elementor-element elementor-element-3cf9197 elementor-section-boxed elementor-section-height-default elementor-section-height-default\" data-id=\"3cf9197\" data-element_type=\"section\">\n\t\t\t\t\t\t<div class=\"elementor-container elementor-column-gap-default\">\n\t\t\t\t\t<div class=\"elementor-column elementor-col-100 elementor-top-column elementor-element elementor-element-19501636\" data-id=\"19501636\" data-element_type=\"column\">\n\t\t\t<div class=\"elementor-widget-wrap elementor-element-populated\">\n\t\t\t\t\t\t<div class=\"elementor-element elementor-element-5370499a elementor-widget elementor-widget-spacer\" data-id=\"5370499a\" data-element_type=\"widget\" data-widget_type=\"spacer.default\">\n\t\t\t\t<div class=\"elementor-widget-container\">\n\t\t\t\t\t\t\t<div class=\"elementor-spacer\">\n\t\t\t<div class=\"elementor-spacer-inner\"><\/div>\n\t\t<\/div>\n\t\t\t\t\t\t<\/div>\n\t\t\t\t<\/div>\n\t\t\t\t<div class=\"elementor-element elementor-element-079eb85 elementor-widget elementor-widget-spacer\" data-id=\"079eb85\" data-element_type=\"widget\" data-widget_type=\"spacer.default\">\n\t\t\t\t<div class=\"elementor-widget-container\">\n\t\t\t\t\t\t\t<div class=\"elementor-spacer\">\n\t\t\t<div class=\"elementor-spacer-inner\"><\/div>\n\t\t<\/div>\n\t\t\t\t\t\t<\/div>\n\t\t\t\t<\/div>\n\t\t\t\t\t<\/div>\n\t\t<\/div>\n\t\t\t\t\t<\/div>\n\t\t<\/section>\n\t\t\t\t<section class=\"elementor-section elementor-top-section elementor-element elementor-element-3a46aeb8 elementor-reverse-mobile elementor-section-boxed elementor-section-height-default elementor-section-height-default\" data-id=\"3a46aeb8\" data-element_type=\"section\">\n\t\t\t\t\t\t<div class=\"elementor-container elementor-column-gap-wide\">\n\t\t\t\t\t<div class=\"elementor-column elementor-col-100 elementor-top-column elementor-element elementor-element-4c3a0422\" data-id=\"4c3a0422\" data-element_type=\"column\">\n\t\t\t<div class=\"elementor-widget-wrap elementor-element-populated\">\n\t\t\t\t\t\t\t<\/div>\n\t\t<\/div>\n\t\t\t\t\t<\/div>\n\t\t<\/section>\n\t\t\t\t<section class=\"elementor-section elementor-top-section elementor-element elementor-element-79a3e83 elementor-section-boxed elementor-section-height-default elementor-section-height-default\" data-id=\"79a3e83\" data-element_type=\"section\">\n\t\t\t\t\t\t<div class=\"elementor-container elementor-column-gap-default\">\n\t\t\t\t\t<div class=\"elementor-column elementor-col-100 elementor-top-column elementor-element elementor-element-6ade6d9\" data-id=\"6ade6d9\" data-element_type=\"column\">\n\t\t\t<div class=\"elementor-widget-wrap elementor-element-populated\">\n\t\t\t\t\t\t<div class=\"elementor-element elementor-element-86af512 elementor-widget elementor-widget-spacer\" data-id=\"86af512\" data-element_type=\"widget\" data-widget_type=\"spacer.default\">\n\t\t\t\t<div class=\"elementor-widget-container\">\n\t\t\t\t\t\t\t<div class=\"elementor-spacer\">\n\t\t\t<div class=\"elementor-spacer-inner\"><\/div>\n\t\t<\/div>\n\t\t\t\t\t\t<\/div>\n\t\t\t\t<\/div>\n\t\t\t\t\t<\/div>\n\t\t<\/div>\n\t\t\t\t\t<\/div>\n\t\t<\/section>\n\t\t\t\t<section class=\"elementor-section elementor-top-section elementor-element elementor-element-cdcc189 elementor-section-boxed elementor-section-height-default elementor-section-height-default\" data-id=\"cdcc189\" data-element_type=\"section\">\n\t\t\t\t\t\t<div class=\"elementor-container elementor-column-gap-default\">\n\t\t\t\t\t<div class=\"elementor-column elementor-col-100 elementor-top-column elementor-element elementor-element-aba24ea\" data-id=\"aba24ea\" data-element_type=\"column\">\n\t\t\t<div class=\"elementor-widget-wrap elementor-element-populated\">\n\t\t\t\t\t\t<div class=\"elementor-element elementor-element-7fb9503 elementor-hidden-desktop elementor-hidden-tablet elementor-hidden-phone elementor-widget elementor-widget-text-editor\" data-id=\"7fb9503\" data-element_type=\"widget\" data-widget_type=\"text-editor.default\">\n\t\t\t\t<div class=\"elementor-widget-container\">\n\t\t\t\t\t\t\t\t\t<p>Geceiro em Novo Hamburgo Geceiro em Canoas Geceiro em Esteio Geceiro em S\u00e3o Leopoldo Geceiro em Dois Irm\u00e3os Geceiro em Port\u00e3o Geceiro em Gravata\u00ed Geceiro em Porto Alegre<\/p><p>Gesseiro Novo Hamburgo Gesseiro\u00a0 Canoas Gesseiro\u00a0 Esteio Gesseiro S\u00e3o Leopoldo Gesseiro Dois Irm\u00e3os Gesseiro Port\u00e3o Gesseiro Gravata\u00ed Gesseiro Porto Alegre<\/p><p>Geceiro em Novo Hamburgo Geceiro em Canoas Geceiro em Esteio Geceiro em S\u00e3o Leopoldo Geceiro em Dois Irm\u00e3os Geceiro em Port\u00e3o Geceiro em Gravata\u00ed Geceiro em Porto Alegre<\/p><p>Gesseiro Novo Hamburgo Gesseiro\u00a0 Canoas Gesseiro\u00a0 Esteio Gesseiro S\u00e3o Leopoldo Gesseiro Dois Irm\u00e3os Gesseiro Port\u00e3o Gesseiro Gravata\u00ed Gesseiro Porto Alegre<\/p><p>Geceiro em Novo Hamburgo Geceiro em Canoas Geceiro em Esteio Geceiro em S\u00e3o Leopoldo Geceiro em Dois Irm\u00e3os Geceiro em Port\u00e3o Geceiro em Gravata\u00ed Geceiro em Porto Alegre<\/p><p>Gesseiro Novo Hamburgo Gesseiro\u00a0 Canoas Gesseiro\u00a0 Esteio Gesseiro S\u00e3o Leopoldo Gesseiro Dois Irm\u00e3os Gesseiro Port\u00e3o Gesseiro Gravata\u00ed Gesseiro Porto Alegre<\/p><p>Geceiro em Novo Hamburgo Geceiro em Canoas Geceiro em Esteio Geceiro em S\u00e3o Leopoldo Geceiro em Dois Irm\u00e3os Geceiro em Port\u00e3o Geceiro em Gravata\u00ed Geceiro em Porto Alegre<\/p><p>Gesseiro Novo Hamburgo Gesseiro\u00a0 Canoas Gesseiro\u00a0 Esteio Gesseiro S\u00e3o Leopoldo Gesseiro Dois Irm\u00e3os Gesseiro Port\u00e3o Gesseiro Gravata\u00ed Gesseiro Porto Alegre<\/p><p>Geceiro em Novo Hamburgo Geceiro em Canoas Geceiro em Esteio Geceiro em S\u00e3o Leopoldo Geceiro em Dois Irm\u00e3os Geceiro em Port\u00e3o Geceiro em Gravata\u00ed Geceiro em Porto Alegre<\/p><p>Gesseiro Novo Hamburgo Gesseiro\u00a0 Canoas Gesseiro\u00a0 Esteio Gesseiro S\u00e3o Leopoldo Gesseiro Dois Irm\u00e3os Gesseiro Port\u00e3o Gesseiro Gravata\u00ed Gesseiro Porto Alegre<\/p><p>Geceiro em Novo Hamburgo Geceiro em Canoas Geceiro em Esteio Geceiro em S\u00e3o Leopoldo Geceiro em Dois Irm\u00e3os Geceiro em Port\u00e3o Geceiro em Gravata\u00ed Geceiro em Porto Alegre<\/p>\t\t\t\t\t\t\t\t<\/div>\n\t\t\t\t<\/div>\n\t\t\t\t\t<\/div>\n\t\t<\/div>\n\t\t\t\t\t<\/div>\n\t\t<\/section>\n\t\t\t\t<\/div>\n\t\t","protected":false},"excerpt":{"rendered":"<p>Servi\u00e7os Nossa Equipe T\u00e9cnica Est\u00e1 Preparada Para Prestar o Melhor Servi\u00e7o! Instala\u00e7\u00e3o Fazer instala\u00e7\u00e3o de forros e divis\u00f3rias exige profissionais capacitados para que o servi\u00e7o seja limpo e impec\u00e1vel. Por isso nosso time de instaladores est\u00e1 preparado para deixar o seu projeto do jeitinho que voc\u00ea imaginou. Sempre visando qualidade acima de tudo. Preciso de [&hellip;]<\/p>\n","protected":false},"author":1,"featured_media":0,"parent":0,"menu_order":0,"comment_status":"closed","ping_status":"closed","template":"","meta":{"om_disable_all_campaigns":false,"_monsterinsights_skip_tracking":false,"_monsterinsights_sitenote_active":false,"_monsterinsights_sitenote_note":"","_monsterinsights_sitenote_category":0,"_joinchat":[],"footnotes":""},"class_list":["post-615","page","type-page","status-publish","hentry"],"aioseo_notices":[],"_links":{"self":[{"href":"https:\/\/stoffeldivisorias.com.br\/index.php\/wp-json\/wp\/v2\/pages\/615","targetHints":{"allow":["GET"]}}],"collection":[{"href":"https:\/\/stoffeldivisorias.com.br\/index.php\/wp-json\/wp\/v2\/pages"}],"about":[{"href":"https:\/\/stoffeldivisorias.com.br\/index.php\/wp-json\/wp\/v2\/types\/page"}],"author":[{"embeddable":true,"href":"https:\/\/stoffeldivisorias.com.br\/index.php\/wp-json\/wp\/v2\/users\/1"}],"replies":[{"embeddable":true,"href":"https:\/\/stoffeldivisorias.com.br\/index.php\/wp-json\/wp\/v2\/comments?post=615"}],"version-history":[{"count":27,"href":"https:\/\/stoffeldivisorias.com.br\/index.php\/wp-json\/wp\/v2\/pages\/615\/revisions"}],"predecessor-version":[{"id":1814,"href":"https:\/\/stoffeldivisorias.com.br\/index.php\/wp-json\/wp\/v2\/pages\/615\/revisions\/1814"}],"wp:attachment":[{"href":"https:\/\/stoffeldivisorias.com.br\/index.php\/wp-json\/wp\/v2\/media?parent=615"}],"curies":[{"name":"wp","href":"https:\/\/api.w.org\/{rel}","templated":true}]}}