{"id":988,"date":"2021-04-27T15:20:59","date_gmt":"2021-04-27T18:20:59","guid":{"rendered":"http:\/\/moveisstoffel.com.br\/?page_id=988"},"modified":"2022-02-03T12:48:24","modified_gmt":"2022-02-03T15:48:24","slug":"contato","status":"publish","type":"page","link":"https:\/\/stoffeldivisorias.com.br\/index.php\/contato\/","title":{"rendered":"Contato"},"content":{"rendered":"\t\t<div data-elementor-type=\"wp-page\" data-elementor-id=\"988\" class=\"elementor elementor-988\" data-elementor-post-type=\"page\">\n\t\t\t\t\t\t<section class=\"elementor-section elementor-top-section elementor-element elementor-element-e800e38 elementor-section-height-min-height elementor-section-boxed elementor-section-height-default elementor-section-items-middle\" data-id=\"e800e38\" data-element_type=\"section\" data-settings=\"{&quot;background_background&quot;:&quot;gradient&quot;}\">\n\t\t\t\t\t\t<div class=\"elementor-container elementor-column-gap-default\">\n\t\t\t\t\t<div class=\"elementor-column elementor-col-100 elementor-top-column elementor-element elementor-element-ded916c\" data-id=\"ded916c\" data-element_type=\"column\">\n\t\t\t<div class=\"elementor-widget-wrap elementor-element-populated\">\n\t\t\t\t\t\t<div class=\"elementor-element elementor-element-de1a0dd elementor-widget elementor-widget-spacer\" data-id=\"de1a0dd\" data-element_type=\"widget\" data-widget_type=\"spacer.default\">\n\t\t\t\t<div class=\"elementor-widget-container\">\n\t\t\t\t\t\t\t<div class=\"elementor-spacer\">\n\t\t\t<div class=\"elementor-spacer-inner\"><\/div>\n\t\t<\/div>\n\t\t\t\t\t\t<\/div>\n\t\t\t\t<\/div>\n\t\t\t\t<section class=\"elementor-section elementor-inner-section elementor-element elementor-element-be2efd7 elementor-section-boxed elementor-section-height-default elementor-section-height-default\" data-id=\"be2efd7\" data-element_type=\"section\">\n\t\t\t\t\t\t<div class=\"elementor-container elementor-column-gap-default\">\n\t\t\t\t\t<div class=\"elementor-column elementor-col-100 elementor-inner-column elementor-element elementor-element-373b7ca\" data-id=\"373b7ca\" data-element_type=\"column\" data-settings=\"{&quot;background_background&quot;:&quot;gradient&quot;}\">\n\t\t\t<div class=\"elementor-widget-wrap elementor-element-populated\">\n\t\t\t\t\t\t<div class=\"elementor-element elementor-element-741be5f elementor-widget elementor-widget-heading\" data-id=\"741be5f\" data-element_type=\"widget\" data-widget_type=\"heading.default\">\n\t\t\t\t<div class=\"elementor-widget-container\">\n\t\t\t\t\t<h1 class=\"elementor-heading-title elementor-size-default\">Contato<\/h1>\t\t\t\t<\/div>\n\t\t\t\t<\/div>\n\t\t\t\t\t<\/div>\n\t\t<\/div>\n\t\t\t\t\t<\/div>\n\t\t<\/section>\n\t\t\t\t<div class=\"elementor-element elementor-element-17b62ea elementor-widget elementor-widget-spacer\" data-id=\"17b62ea\" data-element_type=\"widget\" data-widget_type=\"spacer.default\">\n\t\t\t\t<div class=\"elementor-widget-container\">\n\t\t\t\t\t\t\t<div class=\"elementor-spacer\">\n\t\t\t<div class=\"elementor-spacer-inner\"><\/div>\n\t\t<\/div>\n\t\t\t\t\t\t<\/div>\n\t\t\t\t<\/div>\n\t\t\t\t<div class=\"elementor-element elementor-element-a25b298 elementor-widget elementor-widget-spacer\" data-id=\"a25b298\" data-element_type=\"widget\" data-widget_type=\"spacer.default\">\n\t\t\t\t<div class=\"elementor-widget-container\">\n\t\t\t\t\t\t\t<div class=\"elementor-spacer\">\n\t\t\t<div class=\"elementor-spacer-inner\"><\/div>\n\t\t<\/div>\n\t\t\t\t\t\t<\/div>\n\t\t\t\t<\/div>\n\t\t\t\t\t<\/div>\n\t\t<\/div>\n\t\t\t\t\t<\/div>\n\t\t<\/section>\n\t\t\t\t<section class=\"elementor-section elementor-top-section elementor-element elementor-element-0810bf5 elementor-section-boxed elementor-section-height-default elementor-section-height-default\" data-id=\"0810bf5\" data-element_type=\"section\">\n\t\t\t\t\t\t<div class=\"elementor-container elementor-column-gap-default\">\n\t\t\t\t\t<div class=\"elementor-column elementor-col-100 elementor-top-column elementor-element elementor-element-c79d2dd\" data-id=\"c79d2dd\" data-element_type=\"column\">\n\t\t\t<div class=\"elementor-widget-wrap elementor-element-populated\">\n\t\t\t\t\t\t<div class=\"elementor-element elementor-element-c2e4fe3 elementor-widget elementor-widget-spacer\" data-id=\"c2e4fe3\" data-element_type=\"widget\" data-widget_type=\"spacer.default\">\n\t\t\t\t<div class=\"elementor-widget-container\">\n\t\t\t\t\t\t\t<div class=\"elementor-spacer\">\n\t\t\t<div class=\"elementor-spacer-inner\"><\/div>\n\t\t<\/div>\n\t\t\t\t\t\t<\/div>\n\t\t\t\t<\/div>\n\t\t\t\t<div class=\"elementor-element elementor-element-143a5e2 elementor-widget elementor-widget-heading\" data-id=\"143a5e2\" data-element_type=\"widget\" data-widget_type=\"heading.default\">\n\t\t\t\t<div class=\"elementor-widget-container\">\n\t\t\t\t\t<h2 class=\"elementor-heading-title elementor-size-default\">Pe\u00e7a um Or\u00e7amento Agora!<\/h2>\t\t\t\t<\/div>\n\t\t\t\t<\/div>\n\t\t\t\t<div class=\"elementor-element elementor-element-621f876 elementor-widget-divider--view-line elementor-widget elementor-widget-divider\" data-id=\"621f876\" data-element_type=\"widget\" data-widget_type=\"divider.default\">\n\t\t\t\t<div class=\"elementor-widget-container\">\n\t\t\t\t\t\t\t<div class=\"elementor-divider\">\n\t\t\t<span class=\"elementor-divider-separator\">\n\t\t\t\t\t\t<\/span>\n\t\t<\/div>\n\t\t\t\t\t\t<\/div>\n\t\t\t\t<\/div>\n\t\t\t\t\t<\/div>\n\t\t<\/div>\n\t\t\t\t\t<\/div>\n\t\t<\/section>\n\t\t\t\t<section class=\"elementor-section elementor-top-section elementor-element elementor-element-c1afe4f elementor-section-boxed elementor-section-height-default elementor-section-height-default\" data-id=\"c1afe4f\" data-element_type=\"section\">\n\t\t\t\t\t\t<div class=\"elementor-container elementor-column-gap-default\">\n\t\t\t\t\t<div class=\"elementor-column elementor-col-100 elementor-top-column elementor-element elementor-element-032a6f9\" data-id=\"032a6f9\" data-element_type=\"column\">\n\t\t\t<div class=\"elementor-widget-wrap elementor-element-populated\">\n\t\t\t\t\t\t<div class=\"elementor-element elementor-element-9f4ac93 elementor-widget elementor-widget-text-editor\" data-id=\"9f4ac93\" data-element_type=\"widget\" data-widget_type=\"text-editor.default\">\n\t\t\t\t<div class=\"elementor-widget-container\">\n\t\t\t\t\t\t\t\t\t<p>Estamos de prontid\u00e3o para receber o seu or\u00e7amento e atender o seu pedido de forma r\u00e1pida e eficiente<span style=\"color: var( --e-global-color-text ); font-family: var( --e-global-typography-text-font-family ); font-size: 1rem; font-weight: var( --e-global-typography-text-font-weight );\">.<\/span><\/p>\t\t\t\t\t\t\t\t<\/div>\n\t\t\t\t<\/div>\n\t\t\t\t<div class=\"elementor-element elementor-element-0aa4a78 elementor-widget elementor-widget-shortcode\" data-id=\"0aa4a78\" data-element_type=\"widget\" data-widget_type=\"shortcode.default\">\n\t\t\t\t<div class=\"elementor-widget-container\">\n\t\t\t\t\t\t\t<div class=\"elementor-shortcode\">[useriploc type=\u2019city\u2019]<\/div>\n\t\t\t\t\t\t<\/div>\n\t\t\t\t<\/div>\n\t\t\t\t<section class=\"elementor-section elementor-inner-section elementor-element elementor-element-2c2df1d elementor-section-boxed elementor-section-height-default elementor-section-height-default\" data-id=\"2c2df1d\" data-element_type=\"section\" data-settings=\"{&quot;background_background&quot;:&quot;classic&quot;}\">\n\t\t\t\t\t\t<div class=\"elementor-container elementor-column-gap-default\">\n\t\t\t\t\t<div class=\"elementor-column elementor-col-100 elementor-inner-column elementor-element elementor-element-4ab0e66\" data-id=\"4ab0e66\" data-element_type=\"column\">\n\t\t\t<div class=\"elementor-widget-wrap elementor-element-populated\">\n\t\t\t\t\t\t<div class=\"elementor-element elementor-element-1dce3e6 elementor-widget elementor-widget-spacer\" data-id=\"1dce3e6\" data-element_type=\"widget\" data-widget_type=\"spacer.default\">\n\t\t\t\t<div class=\"elementor-widget-container\">\n\t\t\t\t\t\t\t<div class=\"elementor-spacer\">\n\t\t\t<div class=\"elementor-spacer-inner\"><\/div>\n\t\t<\/div>\n\t\t\t\t\t\t<\/div>\n\t\t\t\t<\/div>\n\t\t\t\t<div class=\"elementor-element elementor-element-d37edfc elementor-button-align-start elementor-widget elementor-widget-form\" data-id=\"d37edfc\" data-element_type=\"widget\" data-settings=\"{&quot;step_next_label&quot;:&quot;Next&quot;,&quot;step_previous_label&quot;:&quot;Previous&quot;,&quot;button_width&quot;:&quot;100&quot;,&quot;step_type&quot;:&quot;number_text&quot;,&quot;step_icon_shape&quot;:&quot;circle&quot;}\" data-widget_type=\"form.default\">\n\t\t\t\t<div class=\"elementor-widget-container\">\n\t\t\t\t\t\t\t<form class=\"elementor-form\" method=\"post\" name=\"            \">\n\t\t\t<input type=\"hidden\" name=\"post_id\" value=\"988\"\/>\n\t\t\t<input type=\"hidden\" name=\"form_id\" value=\"d37edfc\"\/>\n\t\t\t<input type=\"hidden\" name=\"referer_title\" value=\"Contato | Stoffel DIvis\u00f3rias | Divis\u00f3rias em Canoas\" \/>\n\n\t\t\t\t\t\t\t<input type=\"hidden\" name=\"queried_id\" value=\"988\"\/>\n\t\t\t\n\t\t\t<div class=\"elementor-form-fields-wrapper elementor-labels-above\">\n\t\t\t\t\t\t\t\t<div class=\"elementor-field-type-text elementor-field-group elementor-column elementor-field-group-name elementor-col-100 elementor-field-required elementor-mark-required\">\n\t\t\t\t\t\t\t\t\t\t\t\t<label for=\"form-field-name\" class=\"elementor-field-label\">\n\t\t\t\t\t\t\t\tNome\t\t\t\t\t\t\t<\/label>\n\t\t\t\t\t\t\t\t\t\t\t\t\t\t<input size=\"1\" type=\"text\" name=\"form_fields[name]\" id=\"form-field-name\" class=\"elementor-field elementor-size-md  elementor-field-textual\" placeholder=\"Seu nome\" required=\"required\">\n\t\t\t\t\t\t\t\t\t\t\t<\/div>\n\t\t\t\t\t\t\t\t<div class=\"elementor-field-type-email elementor-field-group elementor-column elementor-field-group-email elementor-col-100 elementor-field-required elementor-mark-required\">\n\t\t\t\t\t\t\t\t\t\t\t\t<label for=\"form-field-email\" class=\"elementor-field-label\">\n\t\t\t\t\t\t\t\tEmail\t\t\t\t\t\t\t<\/label>\n\t\t\t\t\t\t\t\t\t\t\t\t\t\t<input size=\"1\" type=\"email\" name=\"form_fields[email]\" id=\"form-field-email\" class=\"elementor-field elementor-size-md  elementor-field-textual\" placeholder=\"Seu melhor email\" required=\"required\">\n\t\t\t\t\t\t\t\t\t\t\t<\/div>\n\t\t\t\t\t\t\t\t<div class=\"elementor-field-type-tel elementor-field-group elementor-column elementor-field-group-field_536bd6b elementor-col-100 elementor-field-required elementor-mark-required\">\n\t\t\t\t\t\t\t\t\t\t\t\t<label for=\"form-field-field_536bd6b\" class=\"elementor-field-label\">\n\t\t\t\t\t\t\t\tTelefone\t\t\t\t\t\t\t<\/label>\n\t\t\t\t\t\t\t\t<input size=\"1\" type=\"tel\" name=\"form_fields[field_536bd6b]\" id=\"form-field-field_536bd6b\" class=\"elementor-field elementor-size-md  elementor-field-textual\" placeholder=\"(    )   99999-9999\" required=\"required\" pattern=\"[0-9()#&amp;+*-=.]+\" title=\"Only numbers and phone characters (#, -, *, etc) are accepted.\">\n\n\t\t\t\t\t\t<\/div>\n\t\t\t\t\t\t\t\t<div class=\"elementor-field-type-text elementor-field-group elementor-column elementor-field-group-field_e00f9f4 elementor-col-100 elementor-field-required elementor-mark-required\">\n\t\t\t\t\t\t\t\t\t\t\t\t<label for=\"form-field-field_e00f9f4\" class=\"elementor-field-label\">\n\t\t\t\t\t\t\t\tCidade\t\t\t\t\t\t\t<\/label>\n\t\t\t\t\t\t\t\t\t\t\t\t\t\t<input size=\"1\" type=\"text\" name=\"form_fields[field_e00f9f4]\" id=\"form-field-field_e00f9f4\" class=\"elementor-field elementor-size-md  elementor-field-textual\" placeholder=\"Sua cidade\" required=\"required\">\n\t\t\t\t\t\t\t\t\t\t\t<\/div>\n\t\t\t\t\t\t\t\t<div class=\"elementor-field-type-textarea elementor-field-group elementor-column elementor-field-group-message elementor-col-100\">\n\t\t\t\t\t\t\t\t\t\t\t\t<label for=\"form-field-message\" class=\"elementor-field-label\">\n\t\t\t\t\t\t\t\tMensagem\t\t\t\t\t\t\t<\/label>\n\t\t\t\t\t\t<textarea class=\"elementor-field-textual elementor-field  elementor-size-md\" name=\"form_fields[message]\" id=\"form-field-message\" rows=\"4\" placeholder=\"Mensagem\"><\/textarea>\t\t\t\t<\/div>\n\t\t\t\t\t\t\t\t<div class=\"elementor-field-group elementor-column elementor-field-type-submit elementor-col-100 e-form__buttons\">\n\t\t\t\t\t<button class=\"elementor-button elementor-size-md\" type=\"submit\">\n\t\t\t\t\t\t<span class=\"elementor-button-content-wrapper\">\n\t\t\t\t\t\t\t\t\t\t\t\t\t\t\t\t\t\t\t\t\t\t<span class=\"elementor-button-text\">Enviar<\/span>\n\t\t\t\t\t\t\t\t\t\t\t\t\t<\/span>\n\t\t\t\t\t<\/button>\n\t\t\t\t<\/div>\n\t\t\t<\/div>\n\t\t<\/form>\n\t\t\t\t\t\t<\/div>\n\t\t\t\t<\/div>\n\t\t\t\t\t<\/div>\n\t\t<\/div>\n\t\t\t\t\t<\/div>\n\t\t<\/section>\n\t\t\t\t\t<\/div>\n\t\t<\/div>\n\t\t\t\t\t<\/div>\n\t\t<\/section>\n\t\t\t\t<section class=\"elementor-section elementor-top-section elementor-element elementor-element-36ef7d9 elementor-section-boxed elementor-section-height-default elementor-section-height-default\" data-id=\"36ef7d9\" data-element_type=\"section\">\n\t\t\t\t\t\t<div class=\"elementor-container elementor-column-gap-default\">\n\t\t\t\t\t<div class=\"elementor-column elementor-col-100 elementor-top-column elementor-element elementor-element-51d1ca3\" data-id=\"51d1ca3\" data-element_type=\"column\">\n\t\t\t<div class=\"elementor-widget-wrap elementor-element-populated\">\n\t\t\t\t\t\t<div class=\"elementor-element elementor-element-9028cde elementor-widget elementor-widget-spacer\" data-id=\"9028cde\" data-element_type=\"widget\" data-widget_type=\"spacer.default\">\n\t\t\t\t<div class=\"elementor-widget-container\">\n\t\t\t\t\t\t\t<div class=\"elementor-spacer\">\n\t\t\t<div class=\"elementor-spacer-inner\"><\/div>\n\t\t<\/div>\n\t\t\t\t\t\t<\/div>\n\t\t\t\t<\/div>\n\t\t\t\t\t<\/div>\n\t\t<\/div>\n\t\t\t\t\t<\/div>\n\t\t<\/section>\n\t\t\t\t<section class=\"elementor-section elementor-top-section elementor-element elementor-element-370376c elementor-hidden-tablet elementor-hidden-phone elementor-hidden-desktop elementor-section-boxed elementor-section-height-default elementor-section-height-default\" data-id=\"370376c\" data-element_type=\"section\">\n\t\t\t\t\t\t<div class=\"elementor-container elementor-column-gap-default\">\n\t\t\t\t\t<div class=\"elementor-column elementor-col-100 elementor-top-column elementor-element elementor-element-797c16c\" data-id=\"797c16c\" data-element_type=\"column\">\n\t\t\t<div class=\"elementor-widget-wrap elementor-element-populated\">\n\t\t\t\t\t\t<div class=\"elementor-element elementor-element-468cec1 elementor-widget elementor-widget-text-editor\" data-id=\"468cec1\" data-element_type=\"widget\" data-widget_type=\"text-editor.default\">\n\t\t\t\t<div class=\"elementor-widget-container\">\n\t\t\t\t\t\t\t\t\t<p>Palavras Chave Palavras Divis\u00f3rias em Canoas Chave Palavras Chave\u00a0<br \/>Divis\u00f3rias leves em Novo Hamburgo Divis\u00f3rias leves em Canoas Divis\u00f3rias leves em Esteio Divis\u00f3rias leves em S\u00e3o Leopoldo Divis\u00f3rias leves em Dois Irm\u00e3os Divis\u00f3rias leves em Port\u00e3o Divis\u00f3rias leves em Gravata\u00ed Divis\u00f3rias leves em Porto Alegre Forro de EPS em Novo Hamburgo Forro de EPS em Canoas Forro de EPS em Esteio Forro de EPS em S\u00e3o Leopoldo Forro de EPS em Dois Irm\u00e3os Forro de EPS em Port\u00e3o Forro de EPS em Gravata\u00ed Forro de EPS em Porto Alegre M\u00f3veis Planejados em Novo Hamburgo M\u00f3veis Planejados em Canoas M\u00f3veis Planejados em Esteio M\u00f3veis Planejados em S\u00e3o Leopoldo M\u00f3veis Planejados em Dois Irm\u00e3os M\u00f3veis Planejados em Port\u00e3o M\u00f3veis Planejados em Gravata\u00ed M\u00f3veis Planejados em Porto Alegre<br \/>Divis\u00f3rias leves Novo Hamburgo Divis\u00f3rias leves Canoas Divis\u00f3rias leves Esteio Divis\u00f3rias leves S\u00e3o Leopoldo Divis\u00f3rias leves Dois Irm\u00e3os Divis\u00f3rias leves Port\u00e3o Divis\u00f3rias leves Gravata\u00ed Divis\u00f3rias leves Porto Alegre Forro de EPS Novo Hamburgo Forro de EPS Canoas Forro de EPS Esteio Forro de EPS S\u00e3o Leopoldo Forro de EPS Dois Irm\u00e3os Forro de EPS Port\u00e3o Forro de EPS Gravata\u00ed Forro de EPS Porto Alegre M\u00f3veis Planejados Novo Hamburgo M\u00f3veis Planejados Canoas M\u00f3veis Planejados Esteio M\u00f3veis Planejados S\u00e3o Leopoldo M\u00f3veis Planejados Dois Irm\u00e3os M\u00f3veis Planejados Port\u00e3o M\u00f3veis Planejados Gravata\u00ed M\u00f3veis Planejados Porto Alegre<br \/>Divis\u00f3ria Leve em Novo Hamburgo Divis\u00f3ria Leve em Canoas Divis\u00f3ria Leve em Esteio Divis\u00f3ria Leve em S\u00e3o Leopoldo Divis\u00f3ria Leve em Dois Irm\u00e3os Divis\u00f3ria Leve em Port\u00e3o Divis\u00f3ria Leve em Gravata\u00ed Divis\u00f3ria Leve em Porto Alegre ForroTerm em Novo Hamburgo ForroTerm em Canoas ForroTerm em Esteio ForroTerm em S\u00e3o Leopoldo ForroTerm em Dois Irm\u00e3os ForroTerm em Port\u00e3o ForroTerm em Gravata\u00ed ForroTerm em Porto Alegre Moveis Planejados em Novo Hamburgo Moveis Planejados em Canoas Moveis Planejados em Esteio Moveis Planejados em S\u00e3o Leopoldo Moveis Planejados em Dois Irm\u00e3os Moveis Planejados em Port\u00e3o Moveis Planejados em Gravata\u00ed Moveis Planejados em Porto Alegre<br \/>Comprar Divis\u00f3rias leves em Novo Hamburgo Comprar Divis\u00f3rias leves em Canoas Comprar Divis\u00f3rias leves em Esteio Comprar Divis\u00f3rias leves em S\u00e3o Leopoldo Comprar Divis\u00f3rias leves em Dois Irm\u00e3os Comprar Divis\u00f3rias leves em Port\u00e3o Comprar Divis\u00f3rias leves em Gravata\u00ed Comprar Divis\u00f3rias leves em Porto Alegre Comprar Forro de EPS em Novo Hamburgo Comprar Forro de EPS em Canoas Comprar Forro de EPS em Esteio Comprar Forro de EPS em S\u00e3o Leopoldo Comprar Forro de EPS em Dois Irm\u00e3os Comprar Forro de EPS em Port\u00e3o Comprar Forro de EPS em Gravata\u00ed Comprar Forro de EPS em Porto Alegre Comprar M\u00f3veis Planejados em Novo Hamburgo Comprar M\u00f3veis Planejados em Canoas Comprar M\u00f3veis Planejados em Esteio Comprar M\u00f3veis Planejados em S\u00e3o Leopoldo Comprar M\u00f3veis Planejados em Dois Irm\u00e3os Comprar M\u00f3veis Planejados em Port\u00e3o Comprar M\u00f3veis Planejados em Gravata\u00ed Comprar M\u00f3veis Planejados em Porto Alegre<br \/>Venda de Divis\u00f3rias leves em Novo Hamburgo Venda de Divis\u00f3rias leves em Canoas Venda de Divis\u00f3rias leves em Esteio Venda de Divis\u00f3rias leves em S\u00e3o Leopoldo Venda de Divis\u00f3rias leves em Dois Irm\u00e3os Venda de Divis\u00f3rias leves em Port\u00e3o Venda de Divis\u00f3rias leves em Gravata\u00ed Venda de Divis\u00f3rias leves em Porto Alegre Venda de Forro de EPS em Novo Hamburgo Venda de Forro de EPS em Canoas Venda de Forro de EPS em Esteio Venda de Forro de EPS em S\u00e3o Leopoldo Venda de Forro de EPS em Dois Irm\u00e3os Venda de <a href=\"http:\/\/moveisstoffel.com.br\/index.php\/product\/forro-em-eps\/\">Forro de EPS<\/a> em Port\u00e3o Venda de Forro de EPS em Gravata\u00ed Venda de Forro de EPS em Porto Alegre Venda de M\u00f3veis Planejados em Novo Hamburgo Venda de M\u00f3veis Planejados em Canoas Venda de M\u00f3veis Planejados em Esteio Venda de M\u00f3veis Planejados em S\u00e3o Leopoldo Venda de M\u00f3veis Planejados em Dois Irm\u00e3os Venda de M\u00f3veis Planejados em Port\u00e3o Venda de M\u00f3veis Planejados em Gravata\u00ed Venda de <a href=\"http:\/\/stoffelmoveis.com.br\">M\u00f3veis<\/a> Planejados em Porto Alegre<br \/>Forro de Isopor em Novo Hamburgo Forro de Isopor em Canoas Forro de Isopor em Esteio Forro de Isopor em S\u00e3o Leopoldo Forro de Isopor em Dois Irm\u00e3os Forro de Isopor em Port\u00e3o Forro de Isopor em Gravata\u00ed Forro de Isopor em Porto Alegre<\/p>\t\t\t\t\t\t\t\t<\/div>\n\t\t\t\t<\/div>\n\t\t\t\t\t<\/div>\n\t\t<\/div>\n\t\t\t\t\t<\/div>\n\t\t<\/section>\n\t\t\t\t<\/div>\n\t\t","protected":false},"excerpt":{"rendered":"<p>Contato Pe\u00e7a um Or\u00e7amento Agora! Estamos de prontid\u00e3o para receber o seu or\u00e7amento e atender o seu pedido de forma r\u00e1pida e eficiente. [useriploc type=\u2019city\u2019] Palavras Chave Palavras Divis\u00f3rias em Canoas Chave Palavras Chave\u00a0Divis\u00f3rias leves em Novo Hamburgo Divis\u00f3rias leves em Canoas Divis\u00f3rias leves em Esteio Divis\u00f3rias leves em S\u00e3o Leopoldo Divis\u00f3rias leves em Dois [&hellip;]<\/p>\n","protected":false},"author":1,"featured_media":0,"parent":0,"menu_order":0,"comment_status":"closed","ping_status":"closed","template":"","meta":{"om_disable_all_campaigns":false,"_monsterinsights_skip_tracking":false,"_monsterinsights_sitenote_active":false,"_monsterinsights_sitenote_note":"","_monsterinsights_sitenote_category":0,"_joinchat":[],"footnotes":""},"class_list":["post-988","page","type-page","status-publish","hentry"],"aioseo_notices":[],"_links":{"self":[{"href":"https:\/\/stoffeldivisorias.com.br\/index.php\/wp-json\/wp\/v2\/pages\/988","targetHints":{"allow":["GET"]}}],"collection":[{"href":"https:\/\/stoffeldivisorias.com.br\/index.php\/wp-json\/wp\/v2\/pages"}],"about":[{"href":"https:\/\/stoffeldivisorias.com.br\/index.php\/wp-json\/wp\/v2\/types\/page"}],"author":[{"embeddable":true,"href":"https:\/\/stoffeldivisorias.com.br\/index.php\/wp-json\/wp\/v2\/users\/1"}],"replies":[{"embeddable":true,"href":"https:\/\/stoffeldivisorias.com.br\/index.php\/wp-json\/wp\/v2\/comments?post=988"}],"version-history":[{"count":33,"href":"https:\/\/stoffeldivisorias.com.br\/index.php\/wp-json\/wp\/v2\/pages\/988\/revisions"}],"predecessor-version":[{"id":1732,"href":"https:\/\/stoffeldivisorias.com.br\/index.php\/wp-json\/wp\/v2\/pages\/988\/revisions\/1732"}],"wp:attachment":[{"href":"https:\/\/stoffeldivisorias.com.br\/index.php\/wp-json\/wp\/v2\/media?parent=988"}],"curies":[{"name":"wp","href":"https:\/\/api.w.org\/{rel}","templated":true}]}}