{"id":1092,"date":"2021-04-30T10:22:02","date_gmt":"2021-04-30T13:22:02","guid":{"rendered":"http:\/\/moveisstoffel.com.br\/?post_type=product&#038;p=1092"},"modified":"2025-11-25T19:14:06","modified_gmt":"2025-11-25T22:14:06","slug":"divisoria-em-pvc","status":"publish","type":"product","link":"https:\/\/stoffeldivisorias.com.br\/index.php\/product\/divisoria-em-pvc\/","title":{"rendered":"Divis\u00f3ria em PVC"},"content":{"rendered":"<p class=\"_04xlpA direction-ltr align-start para-style-body\"><span class=\"JsGRdQ\">Com certeza a op\u00e7\u00e3o mais pr\u00e1tica de todas, <\/span><span class=\"JsGRdQ\">\u00e9 muito utilizadas em \u00e1reas que precisam de limpeza constante como hospitais, clinicas veterin\u00e1rias e banheiros por sua limpeza ser extremamente simples e f\u00e1cil. Podem ser lavadas com qualquer produto de limpeza.<\/span><\/p>\n","protected":false},"excerpt":{"rendered":"<p class=\"_04xlpA direction-ltr align-start para-style-body\"><span class=\"JsGRdQ\">Com certeza a op\u00e7\u00e3o mais pr\u00e1tica de todas,<\/span><\/p>\n<p class=\"_04xlpA direction-ltr align-start para-style-body\"><span class=\"JsGRdQ\">\u00e9 muito utilizadas em \u00e1reas que precisam de limpeza constante como hospitais, clinicas veterin\u00e1rias e banheiros por sua limpeza ser extremamente simples e f\u00e1cil. Podem ser lavadas com qualquer produto de limpeza.<\/span><\/p>\n","protected":false},"featured_media":737,"comment_status":"open","ping_status":"closed","template":"","meta":{"om_disable_all_campaigns":false,"_monsterinsights_skip_tracking":false,"_monsterinsights_sitenote_active":false,"_monsterinsights_sitenote_note":"","_monsterinsights_sitenote_category":0,"_joinchat":{"message_send":"Ol\u00e1 tenho interesse no produto {PRODUCT}"}},"product_brand":[],"product_cat":[29],"product_tag":[],"class_list":{"0":"post-1092","1":"product","2":"type-product","3":"status-publish","4":"has-post-thumbnail","6":"product_cat-divisorias","8":"first","9":"instock","10":"shipping-taxable","11":"product-type-simple"},"aioseo_notices":[],"_links":{"self":[{"href":"https:\/\/stoffeldivisorias.com.br\/index.php\/wp-json\/wp\/v2\/product\/1092","targetHints":{"allow":["GET"]}}],"collection":[{"href":"https:\/\/stoffeldivisorias.com.br\/index.php\/wp-json\/wp\/v2\/product"}],"about":[{"href":"https:\/\/stoffeldivisorias.com.br\/index.php\/wp-json\/wp\/v2\/types\/product"}],"replies":[{"embeddable":true,"href":"https:\/\/stoffeldivisorias.com.br\/index.php\/wp-json\/wp\/v2\/comments?post=1092"}],"version-history":[{"count":2,"href":"https:\/\/stoffeldivisorias.com.br\/index.php\/wp-json\/wp\/v2\/product\/1092\/revisions"}],"predecessor-version":[{"id":1663,"href":"https:\/\/stoffeldivisorias.com.br\/index.php\/wp-json\/wp\/v2\/product\/1092\/revisions\/1663"}],"wp:featuredmedia":[{"embeddable":true,"href":"https:\/\/stoffeldivisorias.com.br\/index.php\/wp-json\/wp\/v2\/media\/737"}],"wp:attachment":[{"href":"https:\/\/stoffeldivisorias.com.br\/index.php\/wp-json\/wp\/v2\/media?parent=1092"}],"wp:term":[{"taxonomy":"product_brand","embeddable":true,"href":"https:\/\/stoffeldivisorias.com.br\/index.php\/wp-json\/wp\/v2\/product_brand?post=1092"},{"taxonomy":"product_cat","embeddable":true,"href":"https:\/\/stoffeldivisorias.com.br\/index.php\/wp-json\/wp\/v2\/product_cat?post=1092"},{"taxonomy":"product_tag","embeddable":true,"href":"https:\/\/stoffeldivisorias.com.br\/index.php\/wp-json\/wp\/v2\/product_tag?post=1092"}],"curies":[{"name":"wp","href":"https:\/\/api.w.org\/{rel}","templated":true}]}}