{"id":1155,"date":"2021-04-30T16:19:27","date_gmt":"2021-04-30T19:19:27","guid":{"rendered":"http:\/\/moveisstoffel.com.br\/?post_type=product&#038;p=1155"},"modified":"2026-01-06T10:14:36","modified_gmt":"2026-01-06T13:14:36","slug":"divisoria-leve","status":"publish","type":"product","link":"https:\/\/stoffeldivisorias.com.br\/index.php\/product\/divisoria-leve\/","title":{"rendered":"Divis\u00f3ria Leve"},"content":{"rendered":"<p class=\"_04xlpA direction-ltr align-start para-style-body\"><span class=\"JsGRdQ\">Por ser de r\u00e1pida e limpa instala\u00e7\u00e3o s\u00e3o muito utilizadas em diversos setores da Ind\u00fastria e Com\u00e9rcio. Com divis\u00f3rias leves em seu escrit\u00f3rio, voc\u00ea tamb\u00e9m n\u00e3o precisar\u00e1 se preocupar em perder o investimento em uma mudan\u00e7a, pois o seu material \u00e9 reaproveit\u00e1vel, permitindo r\u00e1pidas altera\u00e7\u00f5es de layout, sem preju\u00edzos. Oferecemos a instala\u00e7\u00e3o completa do produto com um pre\u00e7o especial.<\/span><\/p>\n","protected":false},"excerpt":{"rendered":"<p class=\"_04xlpA direction-ltr align-start para-style-body\"><span class=\"JsGRdQ\">Por ser de r\u00e1pida e limpa instala\u00e7\u00e3o s\u00e3o muito utilizadas em diversos setores da Ind\u00fastria e Com\u00e9rcio. Com divis\u00f3rias leves em seu escrit\u00f3rio, voc\u00ea tamb\u00e9m n\u00e3o precisar\u00e1 se preocupar em perder o investimento em uma mudan\u00e7a, pois o seu material \u00e9 reaproveit\u00e1vel, permitindo r\u00e1pidas altera\u00e7\u00f5es de layout, sem preju\u00edzos.<\/span><\/p>\n","protected":false},"featured_media":1929,"comment_status":"open","ping_status":"closed","template":"","meta":{"om_disable_all_campaigns":false,"_monsterinsights_skip_tracking":false,"_monsterinsights_sitenote_active":false,"_monsterinsights_sitenote_note":"","_monsterinsights_sitenote_category":0,"_joinchat":{"message_send":"Ol\u00e1, quero um or\u00e7amento de {PRODUCT}."}},"product_brand":[],"product_cat":[29],"product_tag":[],"class_list":{"0":"post-1155","1":"product","2":"type-product","3":"status-publish","4":"has-post-thumbnail","6":"product_cat-divisorias","8":"first","9":"instock","10":"shipping-taxable","11":"product-type-simple"},"aioseo_notices":[],"_links":{"self":[{"href":"https:\/\/stoffeldivisorias.com.br\/index.php\/wp-json\/wp\/v2\/product\/1155","targetHints":{"allow":["GET"]}}],"collection":[{"href":"https:\/\/stoffeldivisorias.com.br\/index.php\/wp-json\/wp\/v2\/product"}],"about":[{"href":"https:\/\/stoffeldivisorias.com.br\/index.php\/wp-json\/wp\/v2\/types\/product"}],"replies":[{"embeddable":true,"href":"https:\/\/stoffeldivisorias.com.br\/index.php\/wp-json\/wp\/v2\/comments?post=1155"}],"version-history":[{"count":4,"href":"https:\/\/stoffeldivisorias.com.br\/index.php\/wp-json\/wp\/v2\/product\/1155\/revisions"}],"predecessor-version":[{"id":1661,"href":"https:\/\/stoffeldivisorias.com.br\/index.php\/wp-json\/wp\/v2\/product\/1155\/revisions\/1661"}],"wp:featuredmedia":[{"embeddable":true,"href":"https:\/\/stoffeldivisorias.com.br\/index.php\/wp-json\/wp\/v2\/media\/1929"}],"wp:attachment":[{"href":"https:\/\/stoffeldivisorias.com.br\/index.php\/wp-json\/wp\/v2\/media?parent=1155"}],"wp:term":[{"taxonomy":"product_brand","embeddable":true,"href":"https:\/\/stoffeldivisorias.com.br\/index.php\/wp-json\/wp\/v2\/product_brand?post=1155"},{"taxonomy":"product_cat","embeddable":true,"href":"https:\/\/stoffeldivisorias.com.br\/index.php\/wp-json\/wp\/v2\/product_cat?post=1155"},{"taxonomy":"product_tag","embeddable":true,"href":"https:\/\/stoffeldivisorias.com.br\/index.php\/wp-json\/wp\/v2\/product_tag?post=1155"}],"curies":[{"name":"wp","href":"https:\/\/api.w.org\/{rel}","templated":true}]}}