{"id":1168,"date":"2021-04-30T16:50:38","date_gmt":"2021-04-30T19:50:38","guid":{"rendered":"http:\/\/moveisstoffel.com.br\/?post_type=product&#038;p=1168"},"modified":"2025-11-25T19:21:50","modified_gmt":"2025-11-25T22:21:50","slug":"forro-trisoft","status":"publish","type":"product","link":"https:\/\/stoffeldivisorias.com.br\/index.php\/product\/forro-trisoft\/","title":{"rendered":"Forro Mineral"},"content":{"rendered":"<p class=\"_04xlpA direction-ltr align-start para-style-body\"><span class=\"JsGRdQ\">\u00c9 uma solu\u00e7\u00e3o sustent\u00e1vel pra voc\u00ea que al\u00e9m de procurar qualidade se importa com o meio ambiente. S\u00e3o feitas de l\u00e3 <\/span><span class=\"JsGRdQ\">de PET 100% recicl\u00e1veis e proporcionam um excelente acabamento est\u00e9tico. S\u00e3o indicados para \u00e1reas de grande p\u00fablico como estabelecimentos comerciais, por conta de sua absor\u00e7\u00e3o ac\u00fastica. evitando reverbera\u00e7\u00e3o de som.<\/span><\/p>\n","protected":false},"excerpt":{"rendered":"<p class=\"_04xlpA direction-ltr align-start para-style-body\"><span class=\"JsGRdQ\">\u00c9 uma solu\u00e7\u00e3o sustent\u00e1vel pra voc\u00ea que al\u00e9m de procurar qualidade se importa com o meio ambiente. S\u00e3o feitas de l\u00e3 <\/span><span class=\"JsGRdQ\">de PET 100% recicl\u00e1veis e proporcionam um excelente acabamento est\u00e9tico. S\u00e3o indicados para \u00e1reas de grande p\u00fablico como estabelecimentos comerciais, por conta de sua absor\u00e7\u00e3o ac\u00fastica. evitando reverbera\u00e7\u00e3o de som.<\/span><\/p>\n","protected":false},"featured_media":1169,"comment_status":"open","ping_status":"closed","template":"","meta":{"om_disable_all_campaigns":false,"_monsterinsights_skip_tracking":false,"_monsterinsights_sitenote_active":false,"_monsterinsights_sitenote_note":"","_monsterinsights_sitenote_category":0,"_joinchat":{"message_send":"Ol\u00e1, quero um or\u00e7amento de {PRODUCT}!"}},"product_brand":[],"product_cat":[31],"product_tag":[],"class_list":{"0":"post-1168","1":"product","2":"type-product","3":"status-publish","4":"has-post-thumbnail","6":"product_cat-forros","8":"first","9":"instock","10":"shipping-taxable","11":"product-type-simple"},"aioseo_notices":[],"_links":{"self":[{"href":"https:\/\/stoffeldivisorias.com.br\/index.php\/wp-json\/wp\/v2\/product\/1168","targetHints":{"allow":["GET"]}}],"collection":[{"href":"https:\/\/stoffeldivisorias.com.br\/index.php\/wp-json\/wp\/v2\/product"}],"about":[{"href":"https:\/\/stoffeldivisorias.com.br\/index.php\/wp-json\/wp\/v2\/types\/product"}],"replies":[{"embeddable":true,"href":"https:\/\/stoffeldivisorias.com.br\/index.php\/wp-json\/wp\/v2\/comments?post=1168"}],"version-history":[{"count":3,"href":"https:\/\/stoffeldivisorias.com.br\/index.php\/wp-json\/wp\/v2\/product\/1168\/revisions"}],"predecessor-version":[{"id":1824,"href":"https:\/\/stoffeldivisorias.com.br\/index.php\/wp-json\/wp\/v2\/product\/1168\/revisions\/1824"}],"wp:featuredmedia":[{"embeddable":true,"href":"https:\/\/stoffeldivisorias.com.br\/index.php\/wp-json\/wp\/v2\/media\/1169"}],"wp:attachment":[{"href":"https:\/\/stoffeldivisorias.com.br\/index.php\/wp-json\/wp\/v2\/media?parent=1168"}],"wp:term":[{"taxonomy":"product_brand","embeddable":true,"href":"https:\/\/stoffeldivisorias.com.br\/index.php\/wp-json\/wp\/v2\/product_brand?post=1168"},{"taxonomy":"product_cat","embeddable":true,"href":"https:\/\/stoffeldivisorias.com.br\/index.php\/wp-json\/wp\/v2\/product_cat?post=1168"},{"taxonomy":"product_tag","embeddable":true,"href":"https:\/\/stoffeldivisorias.com.br\/index.php\/wp-json\/wp\/v2\/product_tag?post=1168"}],"curies":[{"name":"wp","href":"https:\/\/api.w.org\/{rel}","templated":true}]}}