{"id":1172,"date":"2021-04-30T17:06:13","date_gmt":"2021-04-30T20:06:13","guid":{"rendered":"http:\/\/moveisstoffel.com.br\/?post_type=product&#038;p=1172"},"modified":"2025-11-25T19:20:05","modified_gmt":"2025-11-25T22:20:05","slug":"forro-em-gesso-acartonado","status":"publish","type":"product","link":"https:\/\/stoffeldivisorias.com.br\/index.php\/product\/forro-em-gesso-acartonado\/","title":{"rendered":"Forro em Gesso Acartonado"},"content":{"rendered":"<p class=\"_04xlpA direction-ltr align-start para-style-body\"><span class=\"JsGRdQ\">Por ser pr\u00e1tico, o forro de gesso acartonado \u00e9 uma das op\u00e7\u00f5es mais utilizadas em projetos de arquitetura. Isso por que ele permite trabalhar a est\u00e9tica de forma mais elaborada na cria\u00e7\u00e3o de formas e desenhos criativos. Al\u00e9m de contar com uma serie de vantagens, o forro em gesso acartonado tem um excelente custo-benef\u00edcio.<\/span><\/p>\n","protected":false},"excerpt":{"rendered":"<p class=\"_04xlpA direction-ltr align-start para-style-body\"><span class=\"JsGRdQ\">Por ser pr\u00e1tico, o forro de gesso acartonado \u00e9 uma das op\u00e7\u00f5es mais utilizadas em projetos de arquitetura. Isso por que ele permite trabalhar a est\u00e9tica de forma mais elaborada na cria\u00e7\u00e3o de formas e desenhos criativos. Al\u00e9m de contar com uma serie de vantagens, o forro em gesso acartonado tem um excelente custo-benef\u00edcio.<\/span><\/p>\n","protected":false},"featured_media":1173,"comment_status":"open","ping_status":"closed","template":"","meta":{"om_disable_all_campaigns":false,"_monsterinsights_skip_tracking":false,"_monsterinsights_sitenote_active":false,"_monsterinsights_sitenote_note":"","_monsterinsights_sitenote_category":0,"_joinchat":{"message_send":"Ol\u00e1, quero um or\u00e7amento de {PRODUCT}."}},"product_brand":[],"product_cat":[31],"product_tag":[],"class_list":{"0":"post-1172","1":"product","2":"type-product","3":"status-publish","4":"has-post-thumbnail","6":"product_cat-forros","8":"first","9":"instock","10":"shipping-taxable","11":"product-type-simple"},"aioseo_notices":[],"_links":{"self":[{"href":"https:\/\/stoffeldivisorias.com.br\/index.php\/wp-json\/wp\/v2\/product\/1172","targetHints":{"allow":["GET"]}}],"collection":[{"href":"https:\/\/stoffeldivisorias.com.br\/index.php\/wp-json\/wp\/v2\/product"}],"about":[{"href":"https:\/\/stoffeldivisorias.com.br\/index.php\/wp-json\/wp\/v2\/types\/product"}],"replies":[{"embeddable":true,"href":"https:\/\/stoffeldivisorias.com.br\/index.php\/wp-json\/wp\/v2\/comments?post=1172"}],"version-history":[{"count":2,"href":"https:\/\/stoffeldivisorias.com.br\/index.php\/wp-json\/wp\/v2\/product\/1172\/revisions"}],"predecessor-version":[{"id":1647,"href":"https:\/\/stoffeldivisorias.com.br\/index.php\/wp-json\/wp\/v2\/product\/1172\/revisions\/1647"}],"wp:featuredmedia":[{"embeddable":true,"href":"https:\/\/stoffeldivisorias.com.br\/index.php\/wp-json\/wp\/v2\/media\/1173"}],"wp:attachment":[{"href":"https:\/\/stoffeldivisorias.com.br\/index.php\/wp-json\/wp\/v2\/media?parent=1172"}],"wp:term":[{"taxonomy":"product_brand","embeddable":true,"href":"https:\/\/stoffeldivisorias.com.br\/index.php\/wp-json\/wp\/v2\/product_brand?post=1172"},{"taxonomy":"product_cat","embeddable":true,"href":"https:\/\/stoffeldivisorias.com.br\/index.php\/wp-json\/wp\/v2\/product_cat?post=1172"},{"taxonomy":"product_tag","embeddable":true,"href":"https:\/\/stoffeldivisorias.com.br\/index.php\/wp-json\/wp\/v2\/product_tag?post=1172"}],"curies":[{"name":"wp","href":"https:\/\/api.w.org\/{rel}","templated":true}]}}