{"id":1179,"date":"2021-05-01T15:47:18","date_gmt":"2021-05-01T18:47:18","guid":{"rendered":"http:\/\/moveisstoffel.com.br\/?post_type=product&#038;p=1179"},"modified":"2024-07-10T03:44:47","modified_gmt":"2024-07-10T06:44:47","slug":"forro-em-pvc","status":"publish","type":"product","link":"https:\/\/stoffeldivisorias.com.br\/index.php\/product\/forro-em-pvc\/","title":{"rendered":"Forro em PVC"},"content":{"rendered":"<p class=\"_04xlpA direction-ltr align-start para-style-body\"><span class=\"JsGRdQ\">Composto de um Material 100% recicl\u00e1vel \u00e9 um dos forros mais usados do Brasil. Possui diversas vantagens como f\u00e1cil e r\u00e1pida instala\u00e7\u00e3o al\u00e9m de baixo custo.<\/span> <span class=\"JsGRdQ\">Ele pode ser usado em locais \u00famidos, como banheiro, e resiste a atmosferas salinas como praias. \u00c9 f\u00e1cil de lavar e muito resistente.<\/span><\/p>\n","protected":false},"excerpt":{"rendered":"<p class=\"_04xlpA direction-ltr align-start para-style-body\"><span class=\"JsGRdQ\">Composto de um Material 100% recicl\u00e1vel \u00e9 um dos forros mais usados do Brasil. Possui diversas vantagens como f\u00e1cil e r\u00e1pida instala\u00e7\u00e3o al\u00e9m de baixo custo.<\/span> <span class=\"JsGRdQ\">Ele pode ser usado em locais \u00famidos, como banheiro, e resiste a atmosferas salinas como praias. \u00c9 f\u00e1cil de lavar e muito resistente.<\/span><\/p>\n","protected":false},"featured_media":1618,"comment_status":"open","ping_status":"closed","template":"","meta":{"om_disable_all_campaigns":false,"_monsterinsights_skip_tracking":false,"_monsterinsights_sitenote_active":false,"_monsterinsights_sitenote_note":"","_monsterinsights_sitenote_category":0,"_joinchat":{"message_send":"Ol\u00e1, quero um or\u00e7amento de {PRODUCT}!"}},"product_brand":[],"product_cat":[31],"product_tag":[],"class_list":{"0":"post-1179","1":"product","2":"type-product","3":"status-publish","4":"has-post-thumbnail","6":"product_cat-forros","8":"first","9":"instock","10":"shipping-taxable","11":"product-type-simple"},"aioseo_notices":[],"_links":{"self":[{"href":"https:\/\/stoffeldivisorias.com.br\/index.php\/wp-json\/wp\/v2\/product\/1179","targetHints":{"allow":["GET"]}}],"collection":[{"href":"https:\/\/stoffeldivisorias.com.br\/index.php\/wp-json\/wp\/v2\/product"}],"about":[{"href":"https:\/\/stoffeldivisorias.com.br\/index.php\/wp-json\/wp\/v2\/types\/product"}],"replies":[{"embeddable":true,"href":"https:\/\/stoffeldivisorias.com.br\/index.php\/wp-json\/wp\/v2\/comments?post=1179"}],"version-history":[{"count":2,"href":"https:\/\/stoffeldivisorias.com.br\/index.php\/wp-json\/wp\/v2\/product\/1179\/revisions"}],"predecessor-version":[{"id":1320,"href":"https:\/\/stoffeldivisorias.com.br\/index.php\/wp-json\/wp\/v2\/product\/1179\/revisions\/1320"}],"wp:featuredmedia":[{"embeddable":true,"href":"https:\/\/stoffeldivisorias.com.br\/index.php\/wp-json\/wp\/v2\/media\/1618"}],"wp:attachment":[{"href":"https:\/\/stoffeldivisorias.com.br\/index.php\/wp-json\/wp\/v2\/media?parent=1179"}],"wp:term":[{"taxonomy":"product_brand","embeddable":true,"href":"https:\/\/stoffeldivisorias.com.br\/index.php\/wp-json\/wp\/v2\/product_brand?post=1179"},{"taxonomy":"product_cat","embeddable":true,"href":"https:\/\/stoffeldivisorias.com.br\/index.php\/wp-json\/wp\/v2\/product_cat?post=1179"},{"taxonomy":"product_tag","embeddable":true,"href":"https:\/\/stoffeldivisorias.com.br\/index.php\/wp-json\/wp\/v2\/product_tag?post=1179"}],"curies":[{"name":"wp","href":"https:\/\/api.w.org\/{rel}","templated":true}]}}