{"id":1237,"date":"2021-05-04T15:46:48","date_gmt":"2021-05-04T18:46:48","guid":{"rendered":"http:\/\/moveisstoffel.com.br\/?post_type=product&#038;p=1237"},"modified":"2026-01-06T10:20:07","modified_gmt":"2026-01-06T13:20:07","slug":"forro-em-eps","status":"publish","type":"product","link":"https:\/\/stoffeldivisorias.com.br\/index.php\/product\/forro-em-eps\/","title":{"rendered":"Forro em EPS"},"content":{"rendered":"<p class=\"_04xlpA direction-ltr align-start para-style-body\"><span class=\"JsGRdQ\">Um dos materiais de forros mais recomendados por engenheiros do mundo todo por sua seguran\u00e7a e custo-benef\u00edcio. Al\u00e9m disso apresentam uma durabilidade incr\u00edvel.<\/span><\/p>\n<p class=\"_04xlpA direction-ltr align-start para-style-body\"><span class=\"JsGRdQ\">Tamb\u00e9m existe a possibilidade de<\/span> <span class=\"JsGRdQ\">reaproveitamento caso deseje fazer qualquer altera\u00e7\u00e3o.<\/span><\/p>\n","protected":false},"excerpt":{"rendered":"<p class=\"_04xlpA direction-ltr align-start para-style-body\"><span class=\"JsGRdQ\">Um dos materiais de forros mais recomendados por engenheiros do mundo todo por sua seguran\u00e7a e custo-benef\u00edcio. Al\u00e9m disso apresentam uma durabilidade incr\u00edvel com instala\u00e7\u00e3o e montagem r\u00e1pidas.<\/span><\/p>\n<p class=\"_04xlpA direction-ltr align-start para-style-body\"><span class=\"JsGRdQ\">Tamb\u00e9m existe a possibilidade de<\/span> <span class=\"JsGRdQ\">reaproveitamento caso deseje fazer qualquer altera\u00e7\u00e3o.\u00a0<\/span><\/p>\n","protected":false},"featured_media":1935,"comment_status":"open","ping_status":"closed","template":"","meta":{"om_disable_all_campaigns":false,"_monsterinsights_skip_tracking":false,"_monsterinsights_sitenote_active":false,"_monsterinsights_sitenote_note":"","_monsterinsights_sitenote_category":0,"_joinchat":{"message_send":"Ol\u00e1 quero or\u00e7amento de {PRODUCT}"}},"product_brand":[],"product_cat":[31],"product_tag":[],"class_list":{"0":"post-1237","1":"product","2":"type-product","3":"status-publish","4":"has-post-thumbnail","6":"product_cat-forros","8":"first","9":"instock","10":"shipping-taxable","11":"product-type-simple"},"aioseo_notices":[],"_links":{"self":[{"href":"https:\/\/stoffeldivisorias.com.br\/index.php\/wp-json\/wp\/v2\/product\/1237","targetHints":{"allow":["GET"]}}],"collection":[{"href":"https:\/\/stoffeldivisorias.com.br\/index.php\/wp-json\/wp\/v2\/product"}],"about":[{"href":"https:\/\/stoffeldivisorias.com.br\/index.php\/wp-json\/wp\/v2\/types\/product"}],"replies":[{"embeddable":true,"href":"https:\/\/stoffeldivisorias.com.br\/index.php\/wp-json\/wp\/v2\/comments?post=1237"}],"version-history":[{"count":4,"href":"https:\/\/stoffeldivisorias.com.br\/index.php\/wp-json\/wp\/v2\/product\/1237\/revisions"}],"predecessor-version":[{"id":1662,"href":"https:\/\/stoffeldivisorias.com.br\/index.php\/wp-json\/wp\/v2\/product\/1237\/revisions\/1662"}],"wp:featuredmedia":[{"embeddable":true,"href":"https:\/\/stoffeldivisorias.com.br\/index.php\/wp-json\/wp\/v2\/media\/1935"}],"wp:attachment":[{"href":"https:\/\/stoffeldivisorias.com.br\/index.php\/wp-json\/wp\/v2\/media?parent=1237"}],"wp:term":[{"taxonomy":"product_brand","embeddable":true,"href":"https:\/\/stoffeldivisorias.com.br\/index.php\/wp-json\/wp\/v2\/product_brand?post=1237"},{"taxonomy":"product_cat","embeddable":true,"href":"https:\/\/stoffeldivisorias.com.br\/index.php\/wp-json\/wp\/v2\/product_cat?post=1237"},{"taxonomy":"product_tag","embeddable":true,"href":"https:\/\/stoffeldivisorias.com.br\/index.php\/wp-json\/wp\/v2\/product_tag?post=1237"}],"curies":[{"name":"wp","href":"https:\/\/api.w.org\/{rel}","templated":true}]}}